{"id":5167,"date":"2025-04-06T16:17:36","date_gmt":"2025-04-06T14:17:36","guid":{"rendered":"https:\/\/www.walk-in-the-parc.com\/services\/cooperations\/"},"modified":"2025-04-11T12:27:08","modified_gmt":"2025-04-11T10:27:08","slug":"cooperations","status":"publish","type":"page","link":"https:\/\/www.walk-in-the-parc.com\/fr\/services\/cooperations\/","title":{"rendered":"Coop\u00e9rations"},"content":{"rendered":"\n<div class=\"wp-block-uagb-container uagb-block-3ad17e27 alignfull uagb-is-root-container\"><div class=\"uagb-container__shape uagb-container__shape-bottom uagb-container__invert\" data-negative=\"false\"><svg xmlns=\"https:\/\/www.w3.org\/2000\/svg\" viewBox=\"0 0 1000 100\" preserveAspectRatio=\"none\"><path class=\"uagb-container__shape-fill\" opacity=\"0.33\" d=\"M473,67.3c-203.9,88.3-263.1-34-320.3,0C66,119.1,0,59.7,0,59.7V0h1000v59.7 c0,0-62.1,26.1-94.9,29.3c-32.8,3.3-62.8-12.3-75.8-22.1C806,49.6,745.3,8.7,694.9,4.7S492.4,59,473,67.3z\"><\/path><path class=\"uagb-container__shape-fill\" opacity=\"0.66\" d=\"M734,67.3c-45.5,0-77.2-23.2-129.1-39.1c-28.6-8.7-150.3-10.1-254,39.1 s-91.7-34.4-149.2,0C115.7,118.3,0,39.8,0,39.8V0h1000v36.5c0,0-28.2-18.5-92.1-18.5C810.2,18.1,775.7,67.3,734,67.3z\"><\/path><path class=\"uagb-container__shape-fill\" d=\"M766.1,28.9c-200-57.5-266,65.5-395.1,19.5C242,1.8,242,5.4,184.8,20.6C128,35.8,132.3,44.9,89.9,52.5C28.6,63.7,0,0,0,0 h1000c0,0-9.9,40.9-83.6,48.1S829.6,47,766.1,28.9z\"><\/path><\/svg><\/div><div class=\"uagb-container-inner-blocks-wrap\">\n<div class=\"wp-block-uagb-advanced-heading uagb-block-8a1eebc0\"><h1 class=\"uagb-heading-text\">Coop\u00e9rations<\/h1><\/div>\n<\/div><\/div>\n\n<div class=\"wp-block-uagb-container uagb-block-f8ec2bd3 alignfull uagb-is-root-container\"><div class=\"uagb-container-inner-blocks-wrap\">\n<h2 class=\"wp-block-heading has-text-align-center has-ast-global-color-5-color has-text-color has-link-color wp-elements-7c499352e46ffaa85aa908b2075b840f\">Nous travaillons ensemble \u2013 pour vous !<\/h2>\n\n\n\n<div class=\"wp-block-uagb-separator uagb-block-1f3a73a9\"><div class=\"uagb-separator-spacing-wrapper\"><div class=\"wp-block-uagb-separator__inner\" style=\"--my-background-image:\"><\/div><\/div><\/div>\n\n\n\n<p class=\"has-white-color has-text-color has-link-color wp-elements-88f555b0801d80df6a182c788e53c0c6\">Afin de pouvoir vous offrir un service holistique, je travaille avec des partenaires s\u00e9lectionn\u00e9s. L\u2019objectif est, d\u2019une part, d\u2019offrir le compl\u00e9ment parfait \u00e0 vos besoins. D&rsquo;autre part, il s&rsquo;agit simplement d&rsquo;un soutien mutuel pour des personnes aimantes, pour vous en tant que coach\u00e9, ainsi que pour mes partenaires de coop\u00e9ration.  <\/p>\n\n\n\n<p><\/p>\n\n\n\n<div style=\"height:100px\" aria-hidden=\"true\" class=\"wp-block-spacer\"><\/div>\n\n\n\n<div class=\"wp-block-cover alignfull has-parallax\" style=\"min-height:800px;aspect-ratio:unset;\"><span aria-hidden=\"true\" class=\"wp-block-cover__background has-background-dim-40 has-background-dim\"><\/span><div role=\"img\" aria-label=\"Einige Schafe stehen als Herde auf der Weide\" class=\"wp-block-cover__image-background wp-image-2689 has-parallax\" style=\"background-position:50% 50%;background-image:url(https:\/\/www.walk-in-the-parc.com\/wp-content\/uploads\/2024\/07\/314512853_875023543.jpg)\"><\/div><div class=\"wp-block-cover__inner-container is-layout-flow wp-block-cover-is-layout-flow\">\n<blockquote class=\"wp-block-quote is-layout-flow wp-block-quote-is-layout-flow\">\n<h3 class=\"wp-block-heading alignwide has-text-align-center has-text-color\" style=\"color:#ffe074;font-size:45px\"><em>\u00ab Seuls nous sommes forts, ensemble nous sommes imbattables. \u00bb<\/em><\/h3>\n<\/blockquote>\n<\/div><\/div>\n\n\n\n<div class=\"wp-block-uagb-container uagb-block-72514f6d\"><\/div>\n<\/div><\/div>\n\n<div class=\"wp-block-uagb-container uagb-block-61e8ac2a alignfull uagb-is-root-container\"><div class=\"uagb-container-inner-blocks-wrap\">\n<div class=\"wp-block-uagb-info-box uagb-block-54aaf525 uagb-infobox__content-wrap  uagb-infobox-icon-above-title uagb-infobox-image-valign-top wp-block-uagb-info-box--has-margin\"><div class=\"uagb-infobox-margin-wrapper\"><div class=\"uagb-ifb-content\"><div class=\"uagb-ifb-icon-wrap\"><svg xmlns=\"https:\/\/www.w3.org\/2000\/svg\" viewbox=\"0 0 512 512\"><path d=\"M0 256C0 114.6 114.6 0 256 0C397.4 0 512 114.6 512 256C512 397.4 397.4 512 256 512C114.6 512 0 397.4 0 256zM371.8 211.8C382.7 200.9 382.7 183.1 371.8 172.2C360.9 161.3 343.1 161.3 332.2 172.2L224 280.4L179.8 236.2C168.9 225.3 151.1 225.3 140.2 236.2C129.3 247.1 129.3 264.9 140.2 275.8L204.2 339.8C215.1 350.7 232.9 350.7 243.8 339.8L371.8 211.8z\"><\/path><\/svg><\/div><div class=\"uagb-ifb-title-wrap\"><h4 class=\"uagb-ifb-title\">WIBORADA<br\/><strong>Vos conseils d\u00b4\u00e9migration<\/strong><\/h4><\/div><p class=\"uagb-ifb-desc\">Monika Elsen m&rsquo;a accompagn\u00e9 dans la mise en place de mon camp de repos au Maroc.<br\/>Elle-m\u00eame vivait au Maroc, o\u00f9 je lui avais rendu visite. Elle m&rsquo;a \u00e9galement conseill\u00e9 en Allemagne et a toujours \u00e9t\u00e9 tr\u00e8s flexible dans son approche.  <br\/>J&rsquo;appr\u00e9cie son attitude calme et pragmatique ainsi que son exp\u00e9rience de vie qu&rsquo;elle partage avec amour.<br\/><br\/>Souhaitez-vous en savoir plus sur l\u2019\u00e9migration au Maroc ?<br\/><br\/><\/p><div class=\"uagb-ifb-button-wrapper wp-block-button\"><a href=\"https:\/\/wiborada-monika.elsen.ch\/2025\/03\/30\/auswander-beratung\/\" class=\"uagb-infobox-cta-link wp-block-button__link\" target=\"_blank\" rel=\"noopener noreferrer\" onclick=\"return true;\"><span class=\"uagb-inline-editing\">Visitez le site Web de WIBORADA ici<\/span><\/a><\/div><\/div><\/div><\/div>\n\n\n\n<div class=\"wp-block-uagb-info-box uagb-block-467be055 uagb-infobox__content-wrap  uagb-infobox-icon-above-title uagb-infobox-image-valign-top wp-block-uagb-info-box--has-margin\"><div class=\"uagb-infobox-margin-wrapper\"><div class=\"uagb-ifb-content\"><div class=\"uagb-ifb-icon-wrap\"><svg xmlns=\"https:\/\/www.w3.org\/2000\/svg\" viewbox=\"0 0 512 512\"><path d=\"M0 256C0 114.6 114.6 0 256 0C397.4 0 512 114.6 512 256C512 397.4 397.4 512 256 512C114.6 512 0 397.4 0 256zM371.8 211.8C382.7 200.9 382.7 183.1 371.8 172.2C360.9 161.3 343.1 161.3 332.2 172.2L224 280.4L179.8 236.2C168.9 225.3 151.1 225.3 140.2 236.2C129.3 247.1 129.3 264.9 140.2 275.8L204.2 339.8C215.1 350.7 232.9 350.7 243.8 339.8L371.8 211.8z\"><\/path><\/svg><\/div><div class=\"uagb-ifb-title-wrap\"><h4 class=\"uagb-ifb-title\">THOMAS KLADOURA<br\/><strong>Conseil organisationnel SAP<\/strong><\/h4><\/div><p class=\"uagb-ifb-desc\">Thomas Kladoura travaille comme consultant projet SAP, Business &amp; Analyste du changement et expert agile en projets. Il est ing\u00e9nieur industriel dipl\u00f4m\u00e9 ind\u00e9pendant avec plus de 20 ans d&rsquo;exp\u00e9rience dans des projets informatiques dans des petites et moyennes entreprises industrielles et commerciales.  <br\/><\/p><div class=\"uagb-ifb-button-wrapper wp-block-button\"><a href=\"https:\/\/kladoura-projekte.com\/\" class=\"uagb-infobox-cta-link wp-block-button__link\" target=\"_self\" rel=\"noopener noreferrer\" onclick=\"return true;\"><span class=\"uagb-inline-editing\">Visitez le site Web de THOMAS KLADOURA ici<\/span><\/a><\/div><\/div><\/div><\/div>\n<\/div><\/div>\n\n<div style=\"height:100px\" aria-hidden=\"true\" class=\"wp-block-spacer\"><\/div>\n\n<div class=\"wp-block-uagb-container uagb-block-0e02c287 alignfull uagb-is-root-container\"><div class=\"uagb-container-inner-blocks-wrap\">\n<h2 class=\"wp-block-heading has-text-align-center has-ast-global-color-5-color has-text-color has-link-color wp-elements-60122eaf7c4e01fffa241509e63633ce\">Avez-vous d\u2019autres questions sur mes partenaires de coop\u00e9ration ?<\/h2>\n\n\n\n<div class=\"wp-block-uagb-separator uagb-block-fb29c05d\"><div class=\"uagb-separator-spacing-wrapper\"><div class=\"wp-block-uagb-separator__inner\" style=\"--my-background-image:\"><\/div><\/div><\/div>\n\n\n\n<div class=\"wp-block-uagb-buttons uagb-buttons__outer-wrap uagb-btn__default-btn uagb-btn-tablet__default-btn uagb-btn-mobile__default-btn uagb-block-f3b73c4a\"><div class=\"uagb-buttons__wrap uagb-buttons-layout-wrap \">\n<div class=\"wp-block-uagb-buttons-child uagb-buttons__outer-wrap uagb-block-0534ed43 wp-block-button\"><div class=\"uagb-button__wrapper\"><a class=\"uagb-buttons-repeater wp-block-button__link\" aria-label=\"\" href=\"https:\/\/www.walk-in-the-parc.com\/fr\/contact\/\" rel=\"follow noopener\" target=\"_self\" role=\"button\"><div class=\"uagb-button__link\">Contactez-nous maintenant<\/div><\/a><\/div><\/div>\n<\/div><\/div>\n<\/div><\/div>\n","protected":false},"excerpt":{"rendered":"<p>Coop\u00e9rations Nous travaillons ensemble \u2013 pour vous ! Afin de pouvoir vous offrir un service holistique, je travaille avec des partenaires s\u00e9lectionn\u00e9s. L\u2019objectif est, d\u2019une part, d\u2019offrir le compl\u00e9ment parfait \u00e0 vos besoins. D&rsquo;autre part, il s&rsquo;agit simplement d&rsquo;un soutien mutuel pour des personnes aimantes, pour vous en tant que coach\u00e9, ainsi que pour mes [&hellip;]<\/p>\n","protected":false},"author":2,"featured_media":4826,"parent":2380,"menu_order":0,"comment_status":"closed","ping_status":"closed","template":"","meta":{"_uag_custom_page_level_css":"","site-sidebar-layout":"no-sidebar","site-content-layout":"page-builder","ast-site-content-layout":"full-width-container","site-content-style":"unboxed","site-sidebar-style":"default","ast-global-header-display":"","ast-banner-title-visibility":"","ast-main-header-display":"","ast-hfb-above-header-display":"","ast-hfb-below-header-display":"","ast-hfb-mobile-header-display":"","site-post-title":"disabled","ast-breadcrumbs-content":"","ast-featured-img":"disabled","footer-sml-layout":"","theme-transparent-header-meta":"enabled","adv-header-id-meta":"","stick-header-meta":"","header-above-stick-meta":"","header-main-stick-meta":"","header-below-stick-meta":"","astra-migrate-meta-layouts":"default","ast-page-background-enabled":"default","ast-page-background-meta":{"desktop":{"background-color":"var(--ast-global-color-4)","background-image":"","background-repeat":"repeat","background-position":"center center","background-size":"auto","background-attachment":"scroll","background-type":"","background-media":"","overlay-type":"","overlay-color":"","overlay-opacity":"","overlay-gradient":""},"tablet":{"background-color":"","background-image":"","background-repeat":"repeat","background-position":"center center","background-size":"auto","background-attachment":"scroll","background-type":"","background-media":"","overlay-type":"","overlay-color":"","overlay-opacity":"","overlay-gradient":""},"mobile":{"background-color":"","background-image":"","background-repeat":"repeat","background-position":"center center","background-size":"auto","background-attachment":"scroll","background-type":"","background-media":"","overlay-type":"","overlay-color":"","overlay-opacity":"","overlay-gradient":""}},"ast-content-background-meta":{"desktop":{"background-color":"var(--ast-global-color-5)","background-image":"","background-repeat":"repeat","background-position":"center center","background-size":"auto","background-attachment":"scroll","background-type":"","background-media":"","overlay-type":"","overlay-color":"","overlay-opacity":"","overlay-gradient":""},"tablet":{"background-color":"var(--ast-global-color-5)","background-image":"","background-repeat":"repeat","background-position":"center center","background-size":"auto","background-attachment":"scroll","background-type":"","background-media":"","overlay-type":"","overlay-color":"","overlay-opacity":"","overlay-gradient":""},"mobile":{"background-color":"var(--ast-global-color-5)","background-image":"","background-repeat":"repeat","background-position":"center center","background-size":"auto","background-attachment":"scroll","background-type":"","background-media":"","overlay-type":"","overlay-color":"","overlay-opacity":"","overlay-gradient":""}},"footnotes":""},"class_list":["post-5167","page","type-page","status-publish","has-post-thumbnail","hentry"],"uagb_featured_image_src":{"full":["https:\/\/www.walk-in-the-parc.com\/wp-content\/uploads\/2024\/09\/IMG_0839-scaled.jpg",2560,1439,false],"thumbnail":["https:\/\/www.walk-in-the-parc.com\/wp-content\/uploads\/2024\/09\/IMG_0839-155x155.jpg",155,155,true],"medium":["https:\/\/www.walk-in-the-parc.com\/wp-content\/uploads\/2024\/09\/IMG_0839-300x169.jpg",300,169,true],"medium_large":["https:\/\/www.walk-in-the-parc.com\/wp-content\/uploads\/2024\/09\/IMG_0839-768x432.jpg",768,432,true],"large":["https:\/\/www.walk-in-the-parc.com\/wp-content\/uploads\/2024\/09\/IMG_0839-1024x576.jpg",1024,576,true],"1536x1536":["https:\/\/www.walk-in-the-parc.com\/wp-content\/uploads\/2024\/09\/IMG_0839-1536x864.jpg",1536,864,true],"2048x2048":["https:\/\/www.walk-in-the-parc.com\/wp-content\/uploads\/2024\/09\/IMG_0839-2048x1151.jpg",2048,1151,true]},"uagb_author_info":{"display_name":"W. Ralph Lambright","author_link":"https:\/\/www.walk-in-the-parc.com\/fr\/author\/ralph\/"},"uagb_comment_info":0,"uagb_excerpt":"Coop\u00e9rations Nous travaillons ensemble \u2013 pour vous ! Afin de pouvoir vous offrir un service holistique, je travaille avec des partenaires s\u00e9lectionn\u00e9s. L\u2019objectif est, d\u2019une part, d\u2019offrir le compl\u00e9ment parfait \u00e0 vos besoins. D&rsquo;autre part, il s&rsquo;agit simplement d&rsquo;un soutien mutuel pour des personnes aimantes, pour vous en tant que coach\u00e9, ainsi que pour mes\u2026","_links":{"self":[{"href":"https:\/\/www.walk-in-the-parc.com\/fr\/wp-json\/wp\/v2\/pages\/5167","targetHints":{"allow":["GET"]}}],"collection":[{"href":"https:\/\/www.walk-in-the-parc.com\/fr\/wp-json\/wp\/v2\/pages"}],"about":[{"href":"https:\/\/www.walk-in-the-parc.com\/fr\/wp-json\/wp\/v2\/types\/page"}],"author":[{"embeddable":true,"href":"https:\/\/www.walk-in-the-parc.com\/fr\/wp-json\/wp\/v2\/users\/2"}],"replies":[{"embeddable":true,"href":"https:\/\/www.walk-in-the-parc.com\/fr\/wp-json\/wp\/v2\/comments?post=5167"}],"version-history":[{"count":1,"href":"https:\/\/www.walk-in-the-parc.com\/fr\/wp-json\/wp\/v2\/pages\/5167\/revisions"}],"predecessor-version":[{"id":5168,"href":"https:\/\/www.walk-in-the-parc.com\/fr\/wp-json\/wp\/v2\/pages\/5167\/revisions\/5168"}],"up":[{"embeddable":true,"href":"https:\/\/www.walk-in-the-parc.com\/fr\/wp-json\/wp\/v2\/pages\/2380"}],"wp:featuredmedia":[{"embeddable":true,"href":"https:\/\/www.walk-in-the-parc.com\/fr\/wp-json\/wp\/v2\/media\/4826"}],"wp:attachment":[{"href":"https:\/\/www.walk-in-the-parc.com\/fr\/wp-json\/wp\/v2\/media?parent=5167"}],"curies":[{"name":"wp","href":"https:\/\/api.w.org\/{rel}","templated":true}]}}