{"id":4548,"date":"2024-07-31T10:50:19","date_gmt":"2024-07-31T08:50:19","guid":{"rendered":"https:\/\/www.walk-in-the-parc.com\/coaching-et-voyage-a-temps-partiel\/"},"modified":"2024-10-17T11:48:34","modified_gmt":"2024-10-17T09:48:34","slug":"coaching-et-voyage-a-temps-partiel","status":"publish","type":"page","link":"https:\/\/www.walk-in-the-parc.com\/fr\/services\/coaching-et-voyage-a-temps-partiel\/","title":{"rendered":"Coaching pendant une p\u00e9riode r\u00e9cr\u00e9ative associ\u00e9 \u00e0 un voyage<br>"},"content":{"rendered":"\n<div class=\"wp-block-uagb-container uagb-block-ae0bc409 alignfull uagb-is-root-container\"><div class=\"uagb-container__shape uagb-container__shape-bottom uagb-container__shape-flip uagb-container__invert\" data-negative=\"false\"><svg xmlns=\"https:\/\/www.w3.org\/2000\/svg\" viewBox=\"0 0 1000 100\" preserveAspectRatio=\"none\"><path class=\"uagb-container__shape-fill\" opacity=\"0.33\" d=\"M473,67.3c-203.9,88.3-263.1-34-320.3,0C66,119.1,0,59.7,0,59.7V0h1000v59.7 c0,0-62.1,26.1-94.9,29.3c-32.8,3.3-62.8-12.3-75.8-22.1C806,49.6,745.3,8.7,694.9,4.7S492.4,59,473,67.3z\"><\/path><path class=\"uagb-container__shape-fill\" opacity=\"0.66\" d=\"M734,67.3c-45.5,0-77.2-23.2-129.1-39.1c-28.6-8.7-150.3-10.1-254,39.1 s-91.7-34.4-149.2,0C115.7,118.3,0,39.8,0,39.8V0h1000v36.5c0,0-28.2-18.5-92.1-18.5C810.2,18.1,775.7,67.3,734,67.3z\"><\/path><path class=\"uagb-container__shape-fill\" d=\"M766.1,28.9c-200-57.5-266,65.5-395.1,19.5C242,1.8,242,5.4,184.8,20.6C128,35.8,132.3,44.9,89.9,52.5C28.6,63.7,0,0,0,0 h1000c0,0-9.9,40.9-83.6,48.1S829.6,47,766.1,28.9z\"><\/path><\/svg><\/div><div class=\"uagb-container-inner-blocks-wrap\">\n<div class=\"wp-block-uagb-advanced-heading uagb-block-fc94c757\"><h1 class=\"uagb-heading-text\">Coaching pendant une p\u00e9riode r\u00e9cr\u00e9ative associ\u00e9 \u00e0 un voyage<\/h1><\/div>\n<\/div><\/div>\n\n<div style=\"height:100px\" aria-hidden=\"true\" class=\"wp-block-spacer\"><\/div>\n\n<div class=\"wp-block-uagb-container uagb-block-fa530c47 alignfull uagb-is-root-container\"><div class=\"uagb-container-inner-blocks-wrap\">\n<div class=\"wp-block-media-text is-stacked-on-mobile has-ast-global-color-5-color has-ast-global-color-2-background-color has-text-color has-background has-link-color wp-elements-ddea615c32035c2975f0987f7100d75e\"><figure class=\"wp-block-media-text__media\"><img loading=\"lazy\" decoding=\"async\" width=\"650\" height=\"780\" src=\"https:\/\/www.walk-in-the-parc.com\/wp-content\/uploads\/2024\/08\/angebotsseite-auszeitcoaching-artikelbild-hintergrund-weg-durch-den-wald.jpg\" alt=\"\" class=\"wp-image-3604 size-full\" srcset=\"https:\/\/www.walk-in-the-parc.com\/wp-content\/uploads\/2024\/08\/angebotsseite-auszeitcoaching-artikelbild-hintergrund-weg-durch-den-wald.jpg 650w, https:\/\/www.walk-in-the-parc.com\/wp-content\/uploads\/2024\/08\/angebotsseite-auszeitcoaching-artikelbild-hintergrund-weg-durch-den-wald-250x300.jpg 250w\" sizes=\"auto, (max-width: 650px) 100vw, 650px\" \/><\/figure><div class=\"wp-block-media-text__content\">\n<p>Contexte<\/p>\n\n\n\n<div class=\"wp-block-uagb-separator uagb-block-f5ff9824 is-style-wide\"><div class=\"uagb-separator-spacing-wrapper\"><div class=\"wp-block-uagb-separator__inner\" style=\"--my-background-image:\"><\/div><\/div><\/div>\n\n\n\n<h2 class=\"wp-block-heading has-ast-global-color-5-color has-text-color has-link-color wp-elements-5b75eb2725c50c15df119b3c1f649b2e\">Pourquoi est-il utile pour vous de suivre un coaching pendant une p\u00e9riode r\u00e9cr\u00e9ative?<\/h2>\n\n\n\n<p>Vous avez besoin de prendre un peu de temps libre car vous le m\u00e9ritez et vous voulez partir maintenant. <br\/> <\/p>\n\n\n\n<p>Vous avez un th\u00e8me \u00e0 r\u00e9soudre, soit vous le connaissez ou non. Pendant votre pause, vous aurez l&rsquo;occasion de comprendre dans la nature o\u00f9 vous en \u00eates, \u00ab\u00a0d&rsquo;o\u00f9 vous venez\u00a0\u00bb et o\u00f9 vous voulez vous d\u00e9velopper. Vous y aurez le recul et le temps qu\u00b4il vous faudra. Cel\u00e0 sera votre voyage vers vous-m\u00eame. Rien ni personne ne vous d\u00e9rangeront et rien sera obligatoire. Vous ne ferez que tout ce que vous <strong>ARRIVEREZ \u00e0 faire!<\/strong> Vous y trouverez des offres qui vous soutiendront sur votre chemin.     <\/p>\n\n\n\n<p>Mon offre comprend par exemple l&rsquo;aventure, le plaisir, l&rsquo;\u00e9tonnement, l&rsquo;arriv\u00e9e, le laisser tomber, l\u00b4autorisation de sentiments, la signification des choses, le temps rien que pour soi, o\u00f9 en suis-je actuellement dans ma vie, la prise de d\u00e9cisions, la trouvaille de solutions, la recherche de vision, l&rsquo;orientation et la transformation. <br\/>Il y a la possibilit\u00e9 de r\u00e9server encore d\u00b4autres aventures :-).<\/p>\n<\/div><\/div>\n<\/div><\/div>\n\n<div style=\"height:100px\" aria-hidden=\"true\" class=\"wp-block-spacer\"><\/div>\n\n<div class=\"wp-block-uagb-container uagb-block-db588c55 alignfull uagb-is-root-container\"><div class=\"uagb-container-inner-blocks-wrap\">\n<div class=\"wp-block-media-text has-media-on-the-right is-stacked-on-mobile has-ast-global-color-5-color has-ast-global-color-2-background-color has-text-color has-background has-link-color wp-elements-7d0bc0c8544c6d240cffcfadb9930119\"><div class=\"wp-block-media-text__content\">\n<p>D\u00e9roulement<\/p>\n\n\n\n<div class=\"wp-block-uagb-separator uagb-block-4a779d62 is-style-wide\"><div class=\"uagb-separator-spacing-wrapper\"><div class=\"wp-block-uagb-separator__inner\" style=\"--my-background-image:\"><\/div><\/div><\/div>\n\n\n\n<h2 class=\"wp-block-heading has-ast-global-color-5-color has-text-color has-link-color wp-elements-182534fe4ef0b173c1e7871d6587934e\">Qu&rsquo;est-ce qui vous attend dans le cadre du coaching pendant une p\u00e9riode r\u00e9cr\u00e9ative ?<\/h2>\n\n\n\n<p>Vous pouvez choisir un petit voyage de d\u00e9tente de courte dur\u00e9e qui vous am\u00e8nera dans la belle r\u00e9gion du Palatinat en Allemagne. D&rsquo;autre part vous pouvez faire un voyage de d\u00e9tente \u00e0 la mer, dans l&rsquo;Atlantique et dans le d\u00e9sert du Maroc. De plus il est possible d&rsquo;organiser et de r\u00e9server d&rsquo;autres destinations au Maroc par l&rsquo;interm\u00e9diaire de guides touristiques pour la p\u00e9riode qui suit votre voyage r\u00e9cr\u00e9atif. <br\/>  <\/p>\n<\/div><figure class=\"wp-block-media-text__media\"><img loading=\"lazy\" decoding=\"async\" width=\"650\" height=\"780\" src=\"https:\/\/www.walk-in-the-parc.com\/wp-content\/uploads\/2024\/08\/angebotsseite-auszeitcoaching-artikelbild-ablauf-weg-durch-den-wald.jpg\" alt=\"\" class=\"wp-image-3600 size-full\" srcset=\"https:\/\/www.walk-in-the-parc.com\/wp-content\/uploads\/2024\/08\/angebotsseite-auszeitcoaching-artikelbild-ablauf-weg-durch-den-wald.jpg 650w, https:\/\/www.walk-in-the-parc.com\/wp-content\/uploads\/2024\/08\/angebotsseite-auszeitcoaching-artikelbild-ablauf-weg-durch-den-wald-250x300.jpg 250w\" sizes=\"auto, (max-width: 650px) 100vw, 650px\" \/><\/figure><\/div>\n<\/div><\/div>\n\n<div style=\"height:100px\" aria-hidden=\"true\" class=\"wp-block-spacer\"><\/div>\n\n<div class=\"wp-block-columns has-ast-global-color-5-color has-ast-global-color-2-background-color has-text-color has-background has-link-color wp-elements-8d10e18d50d4f7d511918f9bb391dc16 is-layout-flex wp-container-core-columns-is-layout-99496c03 wp-block-columns-is-layout-flex\" style=\"margin-top:0;margin-bottom:0;padding-top:var(--wp--preset--spacing--40);padding-right:var(--wp--preset--spacing--80);padding-bottom:var(--wp--preset--spacing--40);padding-left:var(--wp--preset--spacing--80)\">\n<div class=\"wp-block-column is-layout-flow wp-block-column-is-layout-flow\" style=\"padding-right:var(--wp--preset--spacing--40);padding-left:var(--wp--preset--spacing--40)\">      \n\t\t\t<div class=\"uagb-icon-wrapper uagb-block-bd319126      \"\n\t\t\tstyle=\"\" >\n\t\t\t\t\t\t\t\t\t<span class=\"uagb-svg-wrapper\" \n\t\t\t\t\t aria-label=\"circle-check\"\t\t\t\t\ttabindex=\"0\">\t\t\n\t\t\t\t\t\t\t\t\t\t<svg xmlns=\"https:\/\/www.w3.org\/2000\/svg\" viewBox= \"0 0 512 512\" role=\"graphics-symbol\" aria-hidden=\"false\" aria-label=\"\"><path d=\"M0 256C0 114.6 114.6 0 256 0C397.4 0 512 114.6 512 256C512 397.4 397.4 512 256 512C114.6 512 0 397.4 0 256zM371.8 211.8C382.7 200.9 382.7 183.1 371.8 172.2C360.9 161.3 343.1 161.3 332.2 172.2L224 280.4L179.8 236.2C168.9 225.3 151.1 225.3 140.2 236.2C129.3 247.1 129.3 264.9 140.2 275.8L204.2 339.8C215.1 350.7 232.9 350.7 243.8 339.8L371.8 211.8z\"><\/path><\/svg>\n\t\t\t\t\t\t\t\t\t<\/span>\n\t\t\t\t\t\t\t<\/div>\n\t\t\t\n\n\n<h2 class=\"wp-block-heading has-text-align-center has-ast-global-color-5-color has-text-color has-link-color wp-elements-e493d76c17a7241af18ed199001d7daa\">Coaching pendant une p\u00e9riode r\u00e9cr\u00e9ative en Allemagne<br\/><\/h2>\n\n\n\n<hr class=\"wp-block-separator has-text-color has-ast-global-color-0-color has-alpha-channel-opacity has-ast-global-color-0-background-color has-background is-style-default\"\/>\n\n\n\n<p class=\"has-text-align-center\">Vous voulez en savoir plus sur le coaching pendant une p\u00e9riode r\u00e9cr\u00e9ative en Allemagne ? Cliquez sur le bouton. <\/p>\n\n\n\n<div class=\"wp-block-uagb-buttons uagb-buttons__outer-wrap uagb-btn__default-btn uagb-btn-tablet__default-btn uagb-btn-mobile__default-btn uagb-block-945b18ef\"><div class=\"uagb-buttons__wrap uagb-buttons-layout-wrap \">\n<div class=\"wp-block-uagb-buttons-child uagb-buttons__outer-wrap uagb-block-d01abbe5 wp-block-button\"><div class=\"uagb-button__wrapper\"><a class=\"uagb-buttons-repeater wp-block-button__link\" aria-label=\"\" href=\"\/\/www.walk-in-the-parc.com\/auszeit-coaching\/auszeit-coaching-deutschland\/\" rel=\"follow noopener\" target=\"_self\" role=\"button\"><div class=\"uagb-button__link\">Pour aller dans le Palatinat<\/div><\/a><\/div><\/div>\n<\/div><\/div>\n<\/div>\n\n\n\n<div class=\"wp-block-column is-layout-flow wp-block-column-is-layout-flow\" style=\"padding-right:var(--wp--preset--spacing--60);padding-left:var(--wp--preset--spacing--60)\">      \n\t\t\t<div class=\"uagb-icon-wrapper uagb-block-e0609303      \"\n\t\t\tstyle=\"\" >\n\t\t\t\t\t\t\t\t\t<span class=\"uagb-svg-wrapper\" \n\t\t\t\t\t aria-label=\"circle-check\"\t\t\t\t\ttabindex=\"0\">\t\t\n\t\t\t\t\t\t\t\t\t\t<svg xmlns=\"https:\/\/www.w3.org\/2000\/svg\" viewBox= \"0 0 512 512\" role=\"graphics-symbol\" aria-hidden=\"false\" aria-label=\"\"><path d=\"M0 256C0 114.6 114.6 0 256 0C397.4 0 512 114.6 512 256C512 397.4 397.4 512 256 512C114.6 512 0 397.4 0 256zM371.8 211.8C382.7 200.9 382.7 183.1 371.8 172.2C360.9 161.3 343.1 161.3 332.2 172.2L224 280.4L179.8 236.2C168.9 225.3 151.1 225.3 140.2 236.2C129.3 247.1 129.3 264.9 140.2 275.8L204.2 339.8C215.1 350.7 232.9 350.7 243.8 339.8L371.8 211.8z\"><\/path><\/svg>\n\t\t\t\t\t\t\t\t\t<\/span>\n\t\t\t\t\t\t\t<\/div>\n\t\t\t\n\n\n<h2 class=\"wp-block-heading has-text-align-center has-ast-global-color-5-color has-text-color has-link-color wp-elements-d05f3af684bbe5cc208463b7fcb36ba2\">Voyage de d\u00e9tente au Maroc <br\/><\/h2>\n\n\n\n<hr class=\"wp-block-separator has-text-color has-ast-global-color-0-color has-alpha-channel-opacity has-ast-global-color-0-background-color has-background\"\/>\n\n\n\n<p class=\"has-text-align-center\">Vous voulez en savoir plus sur le voyage de d\u00e9tente au Maroc ? Cliquez sur le bouton. <\/p>\n\n\n\n<div class=\"wp-block-uagb-buttons uagb-buttons__outer-wrap uagb-btn__default-btn uagb-btn-tablet__default-btn uagb-btn-mobile__default-btn uagb-block-9cf38a96\"><div class=\"uagb-buttons__wrap uagb-buttons-layout-wrap \">\n<div class=\"wp-block-uagb-buttons-child uagb-buttons__outer-wrap uagb-block-8abc8de6 wp-block-button\"><div class=\"uagb-button__wrapper\"><a class=\"uagb-buttons-repeater wp-block-button__link\" aria-label=\"\" href=\"\/\/www.walk-in-the-parc.com\/auszeit-coaching\/auszeit-coaching-marokko\/\" rel=\"follow noopener\" target=\"_self\" role=\"button\"><div class=\"uagb-button__link\">Pour se rendre au Maroc<\/div><\/a><\/div><\/div>\n<\/div><\/div>\n<\/div>\n<\/div>\n","protected":false},"excerpt":{"rendered":"<p>Coaching pendant une p\u00e9riode r\u00e9cr\u00e9ative associ\u00e9 \u00e0 un voyage Contexte Pourquoi est-il utile pour vous de suivre un coaching pendant une p\u00e9riode r\u00e9cr\u00e9ative? Vous avez besoin de prendre un peu de temps libre car vous le m\u00e9ritez et vous voulez partir maintenant. Vous avez un th\u00e8me \u00e0 r\u00e9soudre, soit vous le connaissez ou non. Pendant [&hellip;]<\/p>\n","protected":false},"author":2,"featured_media":0,"parent":2380,"menu_order":0,"comment_status":"closed","ping_status":"closed","template":"","meta":{"_uag_custom_page_level_css":"","site-sidebar-layout":"no-sidebar","site-content-layout":"page-builder","ast-site-content-layout":"full-width-container","site-content-style":"unboxed","site-sidebar-style":"unboxed","ast-global-header-display":"","ast-banner-title-visibility":"","ast-main-header-display":"","ast-hfb-above-header-display":"","ast-hfb-below-header-display":"","ast-hfb-mobile-header-display":"","site-post-title":"disabled","ast-breadcrumbs-content":"","ast-featured-img":"disabled","footer-sml-layout":"","theme-transparent-header-meta":"enabled","adv-header-id-meta":"","stick-header-meta":"","header-above-stick-meta":"","header-main-stick-meta":"","header-below-stick-meta":"","astra-migrate-meta-layouts":"default","ast-page-background-enabled":"default","ast-page-background-meta":{"desktop":{"background-color":"var(--ast-global-color-4)","background-image":"","background-repeat":"repeat","background-position":"center center","background-size":"auto","background-attachment":"scroll","background-type":"","background-media":"","overlay-type":"","overlay-color":"","overlay-opacity":"","overlay-gradient":""},"tablet":{"background-color":"","background-image":"","background-repeat":"repeat","background-position":"center center","background-size":"auto","background-attachment":"scroll","background-type":"","background-media":"","overlay-type":"","overlay-color":"","overlay-opacity":"","overlay-gradient":""},"mobile":{"background-color":"","background-image":"","background-repeat":"repeat","background-position":"center center","background-size":"auto","background-attachment":"scroll","background-type":"","background-media":"","overlay-type":"","overlay-color":"","overlay-opacity":"","overlay-gradient":""}},"ast-content-background-meta":{"desktop":{"background-color":"var(--ast-global-color-5)","background-image":"","background-repeat":"repeat","background-position":"center center","background-size":"auto","background-attachment":"scroll","background-type":"","background-media":"","overlay-type":"","overlay-color":"","overlay-opacity":"","overlay-gradient":""},"tablet":{"background-color":"var(--ast-global-color-5)","background-image":"","background-repeat":"repeat","background-position":"center center","background-size":"auto","background-attachment":"scroll","background-type":"","background-media":"","overlay-type":"","overlay-color":"","overlay-opacity":"","overlay-gradient":""},"mobile":{"background-color":"var(--ast-global-color-5)","background-image":"","background-repeat":"repeat","background-position":"center center","background-size":"auto","background-attachment":"scroll","background-type":"","background-media":"","overlay-type":"","overlay-color":"","overlay-opacity":"","overlay-gradient":""}},"footnotes":""},"class_list":["post-4548","page","type-page","status-publish","hentry"],"uagb_featured_image_src":{"full":false,"thumbnail":false,"medium":false,"medium_large":false,"large":false,"1536x1536":false,"2048x2048":false},"uagb_author_info":{"display_name":"W. Ralph Lambright","author_link":"https:\/\/www.walk-in-the-parc.com\/fr\/author\/ralph\/"},"uagb_comment_info":0,"uagb_excerpt":"Coaching pendant une p\u00e9riode r\u00e9cr\u00e9ative associ\u00e9 \u00e0 un voyage Contexte Pourquoi est-il utile pour vous de suivre un coaching pendant une p\u00e9riode r\u00e9cr\u00e9ative? Vous avez besoin de prendre un peu de temps libre car vous le m\u00e9ritez et vous voulez partir maintenant. Vous avez un th\u00e8me \u00e0 r\u00e9soudre, soit vous le connaissez ou non. Pendant\u2026","_links":{"self":[{"href":"https:\/\/www.walk-in-the-parc.com\/fr\/wp-json\/wp\/v2\/pages\/4548","targetHints":{"allow":["GET"]}}],"collection":[{"href":"https:\/\/www.walk-in-the-parc.com\/fr\/wp-json\/wp\/v2\/pages"}],"about":[{"href":"https:\/\/www.walk-in-the-parc.com\/fr\/wp-json\/wp\/v2\/types\/page"}],"author":[{"embeddable":true,"href":"https:\/\/www.walk-in-the-parc.com\/fr\/wp-json\/wp\/v2\/users\/2"}],"replies":[{"embeddable":true,"href":"https:\/\/www.walk-in-the-parc.com\/fr\/wp-json\/wp\/v2\/comments?post=4548"}],"version-history":[{"count":14,"href":"https:\/\/www.walk-in-the-parc.com\/fr\/wp-json\/wp\/v2\/pages\/4548\/revisions"}],"predecessor-version":[{"id":5061,"href":"https:\/\/www.walk-in-the-parc.com\/fr\/wp-json\/wp\/v2\/pages\/4548\/revisions\/5061"}],"up":[{"embeddable":true,"href":"https:\/\/www.walk-in-the-parc.com\/fr\/wp-json\/wp\/v2\/pages\/2380"}],"wp:attachment":[{"href":"https:\/\/www.walk-in-the-parc.com\/fr\/wp-json\/wp\/v2\/media?parent=4548"}],"curies":[{"name":"wp","href":"https:\/\/api.w.org\/{rel}","templated":true}]}}