{"id":4529,"date":"2024-07-08T22:31:39","date_gmt":"2024-07-08T20:31:39","guid":{"rendered":"https:\/\/www.walk-in-the-parc.com\/promenade-en-foret\/"},"modified":"2026-02-04T17:16:29","modified_gmt":"2026-02-04T16:16:29","slug":"promenade-en-foret","status":"publish","type":"page","link":"https:\/\/www.walk-in-the-parc.com\/fr\/services\/promenade-en-foret\/","title":{"rendered":"Promenade en for\u00eat"},"content":{"rendered":"\n<div class=\"wp-block-uagb-container uagb-block-ae0bc409 alignfull uagb-is-root-container\"><div class=\"uagb-container__shape uagb-container__shape-bottom uagb-container__invert\" data-negative=\"false\"><svg xmlns=\"https:\/\/www.w3.org\/2000\/svg\" viewBox=\"0 0 1000 100\" preserveAspectRatio=\"none\"><path class=\"uagb-container__shape-fill\" opacity=\"0.33\" d=\"M473,67.3c-203.9,88.3-263.1-34-320.3,0C66,119.1,0,59.7,0,59.7V0h1000v59.7 c0,0-62.1,26.1-94.9,29.3c-32.8,3.3-62.8-12.3-75.8-22.1C806,49.6,745.3,8.7,694.9,4.7S492.4,59,473,67.3z\"><\/path><path class=\"uagb-container__shape-fill\" opacity=\"0.66\" d=\"M734,67.3c-45.5,0-77.2-23.2-129.1-39.1c-28.6-8.7-150.3-10.1-254,39.1 s-91.7-34.4-149.2,0C115.7,118.3,0,39.8,0,39.8V0h1000v36.5c0,0-28.2-18.5-92.1-18.5C810.2,18.1,775.7,67.3,734,67.3z\"><\/path><path class=\"uagb-container__shape-fill\" d=\"M766.1,28.9c-200-57.5-266,65.5-395.1,19.5C242,1.8,242,5.4,184.8,20.6C128,35.8,132.3,44.9,89.9,52.5C28.6,63.7,0,0,0,0 h1000c0,0-9.9,40.9-83.6,48.1S829.6,47,766.1,28.9z\"><\/path><\/svg><\/div><div class=\"uagb-container-inner-blocks-wrap\">\n<div class=\"wp-block-uagb-advanced-heading uagb-block-5a56cf48\"><h1 class=\"uagb-heading-text\">Promenade en for\u00eat<\/h1><\/div>\n<\/div><\/div>\n\n<div style=\"height:100px\" aria-hidden=\"true\" class=\"wp-block-spacer\"><\/div>\n\n<div class=\"wp-block-uagb-container uagb-block-f8dd2008 alignfull uagb-is-root-container\"><div class=\"uagb-container-inner-blocks-wrap\">\n<div class=\"wp-block-media-text is-stacked-on-mobile has-ast-global-color-5-color has-ast-global-color-2-background-color has-text-color has-background has-link-color wp-elements-df73091c065d67a9073fe0b7e59d263a\"><figure class=\"wp-block-media-text__media\"><img loading=\"lazy\" decoding=\"async\" width=\"650\" height=\"780\" src=\"https:\/\/www.walk-in-the-parc.com\/wp-content\/uploads\/2024\/08\/angebotsseite-artikelbild-waldspaziergang-hintergrund-waldweg.jpg\" alt=\"\" class=\"wp-image-3480 size-full\" srcset=\"https:\/\/www.walk-in-the-parc.com\/wp-content\/uploads\/2024\/08\/angebotsseite-artikelbild-waldspaziergang-hintergrund-waldweg.jpg 650w, https:\/\/www.walk-in-the-parc.com\/wp-content\/uploads\/2024\/08\/angebotsseite-artikelbild-waldspaziergang-hintergrund-waldweg-250x300.jpg 250w\" sizes=\"auto, (max-width: 650px) 100vw, 650px\" \/><\/figure><div class=\"wp-block-media-text__content\">\n<p>Contexte<\/p>\n\n\n\n<div class=\"wp-block-uagb-separator uagb-block-04d7925b is-style-wide\"><div class=\"uagb-separator-spacing-wrapper\"><div class=\"wp-block-uagb-separator__inner\" style=\"--my-background-image:\"><\/div><\/div><\/div>\n\n\n\n<h2 class=\"wp-block-heading has-ast-global-color-5-color has-text-color has-link-color wp-elements-c91cf54801ac95225bfab38ecdf9c050\">Pourquoi est-il utile pour vous de vous promener en for\u00eat avec d&rsquo;autres personnes ?<\/h2>\n\n\n\n<p>Faire de l&rsquo;exercice dans la nature est bon pour la sant\u00e9, car cela vous permet de faire une pause et de vous \u00e9loigner des d\u00e9fis quotidiens. En compagnie d&rsquo;autres amoureux de la nature, vous pouvez vous d\u00e9tendre et faire du bien \u00e0 votre corps, votre \u00e2me et votre esprit. <br\/><br\/>De plus, vous aurez une id\u00e9e de la mani\u00e8re dont vous pouvez utiliser la nature pour vous seul et de mani\u00e8re personnelle. Dans le meilleur des cas, vous sentirez \u00e9galement o\u00f9 vous avez un probl\u00e8me que vous ne pouvez pas \u00ab\u00a0encore\u00a0\u00bb r\u00e9soudre seul. <\/p>\n<\/div><\/div>\n\n\n\n<div style=\"height:100px\" aria-hidden=\"true\" class=\"wp-block-spacer\"><\/div>\n<\/div><\/div>\n\n<div class=\"wp-block-uagb-container uagb-block-91d64162 alignfull uagb-is-root-container\"><div class=\"uagb-container-inner-blocks-wrap\">\n<div class=\"wp-block-media-text has-media-on-the-right is-stacked-on-mobile has-ast-global-color-5-color has-ast-global-color-2-background-color has-text-color has-background has-link-color wp-elements-27c37674d80a157a530e8ab4f18539e1\"><div class=\"wp-block-media-text__content\">\n<p>D\u00e9roulement<\/p>\n\n\n\n<div class=\"wp-block-uagb-separator uagb-block-793a5912 is-style-wide\"><div class=\"uagb-separator-spacing-wrapper\"><div class=\"wp-block-uagb-separator__inner\" style=\"--my-background-image:\"><\/div><\/div><\/div>\n\n\n\n<h2 class=\"wp-block-heading has-ast-global-color-5-color has-text-color has-link-color wp-elements-930260d3744ddb570d4388e513a5134d\">Qu&rsquo;est-ce qui vous attend lors d&rsquo;une promenade en for\u00eat ?<\/h2>\n\n\n\n<p>Nous nous retrouverons \u00e0 18 heures \u00e0 66989 H\u00f6hfr\u00f6schen, au terrain de sport. Vous pouvez \u00e9galement vous y garer.   <\/p>\n\n\n\n<p>Nous nous promenons ensemble dans notre groupe \u00e0 travers la belle for\u00eat du Palatinat entre H\u00f6hfr\u00f6schen et Thaleischweiler-Fr\u00f6schen. Le parcours lui-m\u00eame est consid\u00e9r\u00e9 comme \u00ab\u00a0facile\u00a0\u00bb et peut \u00eatre parcouru par toute personne sans restriction physique. <\/p>\n\n\n\n<p>En nous promenant sans intention dans la nature, nous \u00e9changeons et apprenons \u00e0 mieux nous conna\u00eetre. Gr\u00e2ce \u00e0 nos conseils et \u00e0 notre animation en tant que coachs nature, nous apprenons de la nature et des autres participants. <\/p>\n\n\n\n<p>Une soir\u00e9e d\u00e9tendue vous attend et bien s\u00fbr beaucoup de plaisir :-).<\/p>\n<\/div><figure class=\"wp-block-media-text__media\"><img loading=\"lazy\" decoding=\"async\" width=\"650\" height=\"780\" src=\"https:\/\/www.walk-in-the-parc.com\/wp-content\/uploads\/2024\/08\/angebotsseite-artikelbild-waldspaziergang-ablauf-wald.jpg\" alt=\"\" class=\"wp-image-3476 size-full\" srcset=\"https:\/\/www.walk-in-the-parc.com\/wp-content\/uploads\/2024\/08\/angebotsseite-artikelbild-waldspaziergang-ablauf-wald.jpg 650w, https:\/\/www.walk-in-the-parc.com\/wp-content\/uploads\/2024\/08\/angebotsseite-artikelbild-waldspaziergang-ablauf-wald-250x300.jpg 250w\" sizes=\"auto, (max-width: 650px) 100vw, 650px\" \/><\/figure><\/div>\n<\/div><\/div>\n\n<div style=\"height:100px\" aria-hidden=\"true\" class=\"wp-block-spacer\"><\/div>\n\n<div class=\"wp-block-columns has-ast-global-color-5-color has-ast-global-color-2-background-color has-text-color has-background has-link-color wp-elements-86ae771b9188a90a59c2948ba929ec4c is-layout-flex wp-container-core-columns-is-layout-99496c03 wp-block-columns-is-layout-flex\" style=\"margin-top:0;margin-bottom:0;padding-top:var(--wp--preset--spacing--40);padding-right:var(--wp--preset--spacing--80);padding-bottom:var(--wp--preset--spacing--40);padding-left:var(--wp--preset--spacing--80)\">\n<div class=\"wp-block-column is-layout-flow wp-block-column-is-layout-flow\" style=\"padding-right:var(--wp--preset--spacing--40);padding-left:var(--wp--preset--spacing--40)\">      \n\t\t\t<div class=\"uagb-icon-wrapper uagb-block-bd319126      \"\n\t\t\tstyle=\"\" >\n\t\t\t\t\t\t\t\t\t<span class=\"uagb-svg-wrapper\" \n\t\t\t\t\t aria-label=\"circle-check\"\t\t\t\t\ttabindex=\"0\">\t\t\n\t\t\t\t\t\t\t\t\t\t<svg xmlns=\"https:\/\/www.w3.org\/2000\/svg\" viewBox= \"0 0 512 512\" role=\"graphics-symbol\" aria-hidden=\"false\" aria-label=\"\"><path d=\"M0 256C0 114.6 114.6 0 256 0C397.4 0 512 114.6 512 256C512 397.4 397.4 512 256 512C114.6 512 0 397.4 0 256zM371.8 211.8C382.7 200.9 382.7 183.1 371.8 172.2C360.9 161.3 343.1 161.3 332.2 172.2L224 280.4L179.8 236.2C168.9 225.3 151.1 225.3 140.2 236.2C129.3 247.1 129.3 264.9 140.2 275.8L204.2 339.8C215.1 350.7 232.9 350.7 243.8 339.8L371.8 211.8z\"><\/path><\/svg>\n\t\t\t\t\t\t\t\t\t<\/span>\n\t\t\t\t\t\t\t<\/div>\n\t\t\t\n\n\n<h2 class=\"wp-block-heading has-text-align-center has-ast-global-color-5-color has-text-color has-link-color wp-elements-5e86ec46c85503304e949e47227713c8\">Bon \u00e0 savoir<\/h2>\n\n\n\n<hr class=\"wp-block-separator has-text-color has-ast-global-color-0-color has-alpha-channel-opacity has-ast-global-color-0-background-color has-background is-style-default\"\/>\n\n\n<div class=\"wp-block-uagb-faq uagb-faq__outer-wrap uagb-block-664b603c uagb-faq-icon-row uagb-faq-layout-accordion uagb-faq-expand-first-false uagb-faq-inactive-other-true uagb-faq__wrap uagb-buttons-layout-wrap uagb-faq-equal-height     \" data-faqtoggle=\"true\" role=\"tablist\"><div class=\"wp-block-uagb-faq-child uagb-faq-child__outer-wrap uagb-faq-item uagb-block-6280af1d \" role=\"tab\" tabindex=\"0\"><div class=\"uagb-faq-questions-button uagb-faq-questions\">\t\t\t<span class=\"uagb-icon uagb-faq-icon-wrap\">\n\t\t\t\t\t\t\t\t<svg xmlns=\"https:\/\/www.w3.org\/2000\/svg\" viewBox= \"0 0 448 512\"><path d=\"M432 256c0 17.69-14.33 32.01-32 32.01H256v144c0 17.69-14.33 31.99-32 31.99s-32-14.3-32-31.99v-144H48c-17.67 0-32-14.32-32-32.01s14.33-31.99 32-31.99H192v-144c0-17.69 14.33-32.01 32-32.01s32 14.32 32 32.01v144h144C417.7 224 432 238.3 432 256z\"><\/path><\/svg>\n\t\t\t\t\t\t\t<\/span>\n\t\t\t\t\t\t<span class=\"uagb-icon-active uagb-faq-icon-wrap\">\n\t\t\t\t\t\t\t\t<svg xmlns=\"https:\/\/www.w3.org\/2000\/svg\" viewBox= \"0 0 448 512\"><path d=\"M400 288h-352c-17.69 0-32-14.32-32-32.01s14.31-31.99 32-31.99h352c17.69 0 32 14.3 32 31.99S417.7 288 400 288z\"><\/path><\/svg>\n\t\t\t\t\t\t\t<\/span>\n\t\t\t<span class=\"uagb-question\">Quand est-il utile de se promener en for\u00eat ?<\/span><\/div><div class=\"uagb-faq-content\"><p>Au printemps, en \u00e9t\u00e9, en automne et en hiver \ud83d\ude42 et aussi souvent que possible.  <br>C&rsquo;est utile si vous \u00eates triste ou si vous ne savez plus quoi faire d&rsquo;une mani\u00e8re ou d&rsquo;une autre. Il est toujours gratifiant d&rsquo;y aller seul.<br>Bien s\u00fbr, cela a \u00e9galement du sens si vous allez bien et que vous vous sentez heureux en ce moment. \ud83d\ude42<\/p><\/div><\/div><div class=\"wp-block-uagb-faq-child uagb-faq-child__outer-wrap uagb-faq-item uagb-block-4724a74d \" role=\"tab\" tabindex=\"0\"><div class=\"uagb-faq-questions-button uagb-faq-questions\">\t\t\t<span class=\"uagb-icon uagb-faq-icon-wrap\">\n\t\t\t\t\t\t\t\t<svg xmlns=\"https:\/\/www.w3.org\/2000\/svg\" viewBox= \"0 0 448 512\"><path d=\"M432 256c0 17.69-14.33 32.01-32 32.01H256v144c0 17.69-14.33 31.99-32 31.99s-32-14.3-32-31.99v-144H48c-17.67 0-32-14.32-32-32.01s14.33-31.99 32-31.99H192v-144c0-17.69 14.33-32.01 32-32.01s32 14.32 32 32.01v144h144C417.7 224 432 238.3 432 256z\"><\/path><\/svg>\n\t\t\t\t\t\t\t<\/span>\n\t\t\t\t\t\t<span class=\"uagb-icon-active uagb-faq-icon-wrap\">\n\t\t\t\t\t\t\t\t<svg xmlns=\"https:\/\/www.w3.org\/2000\/svg\" viewBox= \"0 0 448 512\"><path d=\"M400 288h-352c-17.69 0-32-14.32-32-32.01s14.31-31.99 32-31.99h352c17.69 0 32 14.3 32 31.99S417.7 288 400 288z\"><\/path><\/svg>\n\t\t\t\t\t\t\t<\/span>\n\t\t\t<span class=\"uagb-question\">\u00c0 qui b\u00e9n\u00e9ficie d&rsquo;une promenade en for\u00eat ?<\/span><\/div><div class=\"uagb-faq-content\"><p>Une promenade en for\u00eat est g\u00e9n\u00e9ralement b\u00e9n\u00e9fique pour toute personne qui s&rsquo;en donne les moyens. Elle est particuli\u00e8rement b\u00e9n\u00e9fique pour les personnes stress\u00e9es qui doivent faire face \u00e0 des d\u00e9fis personnels ou professionnels. <\/p><\/div><\/div><div class=\"wp-block-uagb-faq-child uagb-faq-child__outer-wrap uagb-faq-item uagb-block-b8750081 \" role=\"tab\" tabindex=\"0\"><div class=\"uagb-faq-questions-button uagb-faq-questions\">\t\t\t<span class=\"uagb-icon uagb-faq-icon-wrap\">\n\t\t\t\t\t\t\t\t<svg xmlns=\"https:\/\/www.w3.org\/2000\/svg\" viewBox= \"0 0 448 512\"><path d=\"M432 256c0 17.69-14.33 32.01-32 32.01H256v144c0 17.69-14.33 31.99-32 31.99s-32-14.3-32-31.99v-144H48c-17.67 0-32-14.32-32-32.01s14.33-31.99 32-31.99H192v-144c0-17.69 14.33-32.01 32-32.01s32 14.32 32 32.01v144h144C417.7 224 432 238.3 432 256z\"><\/path><\/svg>\n\t\t\t\t\t\t\t<\/span>\n\t\t\t\t\t\t<span class=\"uagb-icon-active uagb-faq-icon-wrap\">\n\t\t\t\t\t\t\t\t<svg xmlns=\"https:\/\/www.w3.org\/2000\/svg\" viewBox= \"0 0 448 512\"><path d=\"M400 288h-352c-17.69 0-32-14.32-32-32.01s14.31-31.99 32-31.99h352c17.69 0 32 14.3 32 31.99S417.7 288 400 288z\"><\/path><\/svg>\n\t\t\t\t\t\t\t<\/span>\n\t\t\t<span class=\"uagb-question\">De quoi ai-je besoin pour une promenade en for\u00eat ?<\/span><\/div><div class=\"uagb-faq-content\"><p>Des v\u00eatements adapt\u00e9s \u00e0 la saison et des chaussures solides sont essentiels pour une promenade en for\u00eat. Il ne faut pas oublier de boire et, pour les longues promenades, de manger un peu. Un tapis de sol est \u00e9galement tr\u00e8s utile pour les pauses ou les moments de d\u00e9tente dans la nature.<br>Un produit anti-moustiques et anti-tiques, ainsi que vos propres m\u00e9dicaments, doivent \u00e9galement faire partie de vos bagages. Vous devez \u00e9galement emporter du papier toilette et du papier hygi\u00e9nique.   <\/p><\/div><\/div><div class=\"wp-block-uagb-faq-child uagb-faq-child__outer-wrap uagb-faq-item uagb-block-f8126bbd \" role=\"tab\" tabindex=\"0\"><div class=\"uagb-faq-questions-button uagb-faq-questions\">\t\t\t<span class=\"uagb-icon uagb-faq-icon-wrap\">\n\t\t\t\t\t\t\t\t<svg xmlns=\"https:\/\/www.w3.org\/2000\/svg\" viewBox= \"0 0 448 512\"><path d=\"M432 256c0 17.69-14.33 32.01-32 32.01H256v144c0 17.69-14.33 31.99-32 31.99s-32-14.3-32-31.99v-144H48c-17.67 0-32-14.32-32-32.01s14.33-31.99 32-31.99H192v-144c0-17.69 14.33-32.01 32-32.01s32 14.32 32 32.01v144h144C417.7 224 432 238.3 432 256z\"><\/path><\/svg>\n\t\t\t\t\t\t\t<\/span>\n\t\t\t\t\t\t<span class=\"uagb-icon-active uagb-faq-icon-wrap\">\n\t\t\t\t\t\t\t\t<svg xmlns=\"https:\/\/www.w3.org\/2000\/svg\" viewBox= \"0 0 448 512\"><path d=\"M400 288h-352c-17.69 0-32-14.32-32-32.01s14.31-31.99 32-31.99h352c17.69 0 32 14.3 32 31.99S417.7 288 400 288z\"><\/path><\/svg>\n\t\t\t\t\t\t\t<\/span>\n\t\t\t<span class=\"uagb-question\">Combien de temps dure une promenade en for\u00eat ?<\/span><\/div><div class=\"uagb-faq-content\"><p>Une promenade en for\u00eat dure environ 2 \u00e0 3 heures.  <\/p><\/div><\/div><div class=\"wp-block-uagb-faq-child uagb-faq-child__outer-wrap uagb-faq-item uagb-block-105b16f6 \" role=\"tab\" tabindex=\"0\"><div class=\"uagb-faq-questions-button uagb-faq-questions\">\t\t\t<span class=\"uagb-icon uagb-faq-icon-wrap\">\n\t\t\t\t\t\t\t\t<svg xmlns=\"https:\/\/www.w3.org\/2000\/svg\" viewBox= \"0 0 448 512\"><path d=\"M432 256c0 17.69-14.33 32.01-32 32.01H256v144c0 17.69-14.33 31.99-32 31.99s-32-14.3-32-31.99v-144H48c-17.67 0-32-14.32-32-32.01s14.33-31.99 32-31.99H192v-144c0-17.69 14.33-32.01 32-32.01s32 14.32 32 32.01v144h144C417.7 224 432 238.3 432 256z\"><\/path><\/svg>\n\t\t\t\t\t\t\t<\/span>\n\t\t\t\t\t\t<span class=\"uagb-icon-active uagb-faq-icon-wrap\">\n\t\t\t\t\t\t\t\t<svg xmlns=\"https:\/\/www.w3.org\/2000\/svg\" viewBox= \"0 0 448 512\"><path d=\"M400 288h-352c-17.69 0-32-14.32-32-32.01s14.31-31.99 32-31.99h352c17.69 0 32 14.3 32 31.99S417.7 288 400 288z\"><\/path><\/svg>\n\t\t\t\t\t\t\t<\/span>\n\t\t\t<span class=\"uagb-question\">Que dois-je encore savoir ?<\/span><\/div><div class=\"uagb-faq-content\"><p>L&rsquo;offre s&rsquo;adresse aux personnes sans handicap physique ou mental.<br><\/p><\/div><\/div><div class=\"wp-block-uagb-faq-child uagb-faq-child__outer-wrap uagb-faq-item uagb-block-97bebea1 \" role=\"tab\" tabindex=\"0\"><div class=\"uagb-faq-questions-button uagb-faq-questions\">\t\t\t<span class=\"uagb-icon uagb-faq-icon-wrap\">\n\t\t\t\t\t\t\t\t<svg xmlns=\"https:\/\/www.w3.org\/2000\/svg\" viewBox= \"0 0 448 512\"><path d=\"M432 256c0 17.69-14.33 32.01-32 32.01H256v144c0 17.69-14.33 31.99-32 31.99s-32-14.3-32-31.99v-144H48c-17.67 0-32-14.32-32-32.01s14.33-31.99 32-31.99H192v-144c0-17.69 14.33-32.01 32-32.01s32 14.32 32 32.01v144h144C417.7 224 432 238.3 432 256z\"><\/path><\/svg>\n\t\t\t\t\t\t\t<\/span>\n\t\t\t\t\t\t<span class=\"uagb-icon-active uagb-faq-icon-wrap\">\n\t\t\t\t\t\t\t\t<svg xmlns=\"https:\/\/www.w3.org\/2000\/svg\" viewBox= \"0 0 448 512\"><path d=\"M400 288h-352c-17.69 0-32-14.32-32-32.01s14.31-31.99 32-31.99h352c17.69 0 32 14.3 32 31.99S417.7 288 400 288z\"><\/path><\/svg>\n\t\t\t\t\t\t\t<\/span>\n\t\t\t<span class=\"uagb-question\">Avis juridique<\/span><\/div><div class=\"uagb-faq-content\"><p>Participation \u00e0 vos risques et p\u00e9rils.<\/p><\/div><\/div><\/div><\/div>\n\n\n\n<div class=\"wp-block-column is-layout-flow wp-block-column-is-layout-flow\" style=\"padding-right:var(--wp--preset--spacing--60);padding-left:var(--wp--preset--spacing--60)\">      \n\t\t\t<div class=\"uagb-icon-wrapper uagb-block-e0609303      \"\n\t\t\tstyle=\"\" >\n\t\t\t\t\t\t\t\t\t<span class=\"uagb-svg-wrapper\" \n\t\t\t\t\t aria-label=\"circle-check\"\t\t\t\t\ttabindex=\"0\">\t\t\n\t\t\t\t\t\t\t\t\t\t<svg xmlns=\"https:\/\/www.w3.org\/2000\/svg\" viewBox= \"0 0 512 512\" role=\"graphics-symbol\" aria-hidden=\"false\" aria-label=\"\"><path d=\"M0 256C0 114.6 114.6 0 256 0C397.4 0 512 114.6 512 256C512 397.4 397.4 512 256 512C114.6 512 0 397.4 0 256zM371.8 211.8C382.7 200.9 382.7 183.1 371.8 172.2C360.9 161.3 343.1 161.3 332.2 172.2L224 280.4L179.8 236.2C168.9 225.3 151.1 225.3 140.2 236.2C129.3 247.1 129.3 264.9 140.2 275.8L204.2 339.8C215.1 350.7 232.9 350.7 243.8 339.8L371.8 211.8z\"><\/path><\/svg>\n\t\t\t\t\t\t\t\t\t<\/span>\n\t\t\t\t\t\t\t<\/div>\n\t\t\t\n\n\n<h2 class=\"wp-block-heading has-text-align-center has-ast-global-color-5-color has-text-color has-link-color wp-elements-4276a9279a2aba7685360c5acc420ce8\">Dates &amp; r\u00e9servation<\/h2>\n\n\n\n<hr class=\"wp-block-separator has-text-color has-ast-global-color-0-color has-alpha-channel-opacity has-ast-global-color-0-background-color has-background\"\/>\n\n\n\n<div class=\"wp-block-uagb-buttons uagb-buttons__outer-wrap uagb-btn__default-btn uagb-btn-tablet__default-btn uagb-btn-mobile__default-btn uagb-block-db278035\"><div class=\"uagb-buttons__wrap uagb-buttons-layout-wrap \">\n<div class=\"wp-block-uagb-buttons-child uagb-buttons__outer-wrap uagb-block-95f37dda wp-block-button\"><div class=\"uagb-button__wrapper\"><a class=\"uagb-buttons-repeater wp-block-button__link\" aria-label=\"\" href=\"https:\/\/www.walk-in-the-parc.com\/fr\/contact\/\" rel=\"follow noopener\" target=\"_self\" role=\"button\"><div class=\"uagb-button__link\">Envoyer une demande<\/div><\/a><\/div><\/div>\n<\/div><\/div>\n<\/div>\n<\/div>\n","protected":false},"excerpt":{"rendered":"<p>Promenade en for\u00eat Contexte Pourquoi est-il utile pour vous de vous promener en for\u00eat avec d&rsquo;autres personnes ? Faire de l&rsquo;exercice dans la nature est bon pour la sant\u00e9, car cela vous permet de faire une pause et de vous \u00e9loigner des d\u00e9fis quotidiens. En compagnie d&rsquo;autres amoureux de la nature, vous pouvez vous d\u00e9tendre [&hellip;]<\/p>\n","protected":false},"author":2,"featured_media":0,"parent":2380,"menu_order":0,"comment_status":"closed","ping_status":"closed","template":"","meta":{"_uag_custom_page_level_css":"","site-sidebar-layout":"no-sidebar","site-content-layout":"page-builder","ast-site-content-layout":"full-width-container","site-content-style":"unboxed","site-sidebar-style":"unboxed","ast-global-header-display":"","ast-banner-title-visibility":"","ast-main-header-display":"","ast-hfb-above-header-display":"","ast-hfb-below-header-display":"","ast-hfb-mobile-header-display":"","site-post-title":"disabled","ast-breadcrumbs-content":"","ast-featured-img":"disabled","footer-sml-layout":"","theme-transparent-header-meta":"enabled","adv-header-id-meta":"","stick-header-meta":"","header-above-stick-meta":"","header-main-stick-meta":"","header-below-stick-meta":"","astra-migrate-meta-layouts":"default","ast-page-background-enabled":"default","ast-page-background-meta":{"desktop":{"background-color":"var(--ast-global-color-4)","background-image":"","background-repeat":"repeat","background-position":"center center","background-size":"auto","background-attachment":"scroll","background-type":"","background-media":"","overlay-type":"","overlay-color":"","overlay-opacity":"","overlay-gradient":""},"tablet":{"background-color":"","background-image":"","background-repeat":"repeat","background-position":"center center","background-size":"auto","background-attachment":"scroll","background-type":"","background-media":"","overlay-type":"","overlay-color":"","overlay-opacity":"","overlay-gradient":""},"mobile":{"background-color":"","background-image":"","background-repeat":"repeat","background-position":"center center","background-size":"auto","background-attachment":"scroll","background-type":"","background-media":"","overlay-type":"","overlay-color":"","overlay-opacity":"","overlay-gradient":""}},"ast-content-background-meta":{"desktop":{"background-color":"var(--ast-global-color-5)","background-image":"","background-repeat":"repeat","background-position":"center center","background-size":"auto","background-attachment":"scroll","background-type":"","background-media":"","overlay-type":"","overlay-color":"","overlay-opacity":"","overlay-gradient":""},"tablet":{"background-color":"var(--ast-global-color-5)","background-image":"","background-repeat":"repeat","background-position":"center center","background-size":"auto","background-attachment":"scroll","background-type":"","background-media":"","overlay-type":"","overlay-color":"","overlay-opacity":"","overlay-gradient":""},"mobile":{"background-color":"var(--ast-global-color-5)","background-image":"","background-repeat":"repeat","background-position":"center center","background-size":"auto","background-attachment":"scroll","background-type":"","background-media":"","overlay-type":"","overlay-color":"","overlay-opacity":"","overlay-gradient":""}},"footnotes":""},"class_list":["post-4529","page","type-page","status-publish","hentry"],"uagb_featured_image_src":{"full":false,"thumbnail":false,"medium":false,"medium_large":false,"large":false,"1536x1536":false,"2048x2048":false},"uagb_author_info":{"display_name":"W. Ralph Lambright","author_link":"https:\/\/www.walk-in-the-parc.com\/fr\/author\/ralph\/"},"uagb_comment_info":0,"uagb_excerpt":"Promenade en for\u00eat Contexte Pourquoi est-il utile pour vous de vous promener en for\u00eat avec d&rsquo;autres personnes ? Faire de l&rsquo;exercice dans la nature est bon pour la sant\u00e9, car cela vous permet de faire une pause et de vous \u00e9loigner des d\u00e9fis quotidiens. En compagnie d&rsquo;autres amoureux de la nature, vous pouvez vous d\u00e9tendre\u2026","_links":{"self":[{"href":"https:\/\/www.walk-in-the-parc.com\/fr\/wp-json\/wp\/v2\/pages\/4529","targetHints":{"allow":["GET"]}}],"collection":[{"href":"https:\/\/www.walk-in-the-parc.com\/fr\/wp-json\/wp\/v2\/pages"}],"about":[{"href":"https:\/\/www.walk-in-the-parc.com\/fr\/wp-json\/wp\/v2\/types\/page"}],"author":[{"embeddable":true,"href":"https:\/\/www.walk-in-the-parc.com\/fr\/wp-json\/wp\/v2\/users\/2"}],"replies":[{"embeddable":true,"href":"https:\/\/www.walk-in-the-parc.com\/fr\/wp-json\/wp\/v2\/comments?post=4529"}],"version-history":[{"count":9,"href":"https:\/\/www.walk-in-the-parc.com\/fr\/wp-json\/wp\/v2\/pages\/4529\/revisions"}],"predecessor-version":[{"id":5383,"href":"https:\/\/www.walk-in-the-parc.com\/fr\/wp-json\/wp\/v2\/pages\/4529\/revisions\/5383"}],"up":[{"embeddable":true,"href":"https:\/\/www.walk-in-the-parc.com\/fr\/wp-json\/wp\/v2\/pages\/2380"}],"wp:attachment":[{"href":"https:\/\/www.walk-in-the-parc.com\/fr\/wp-json\/wp\/v2\/media?parent=4529"}],"curies":[{"name":"wp","href":"https:\/\/api.w.org\/{rel}","templated":true}]}}