{"id":2384,"date":"2024-06-29T10:30:55","date_gmt":"2024-06-29T08:30:55","guid":{"rendered":"https:\/\/www.walk-in-the-parc.com\/a-propos-de-nous\/"},"modified":"2026-02-04T17:28:35","modified_gmt":"2026-02-04T16:28:35","slug":"a-propos-de-nous","status":"publish","type":"page","link":"https:\/\/www.walk-in-the-parc.com\/fr\/a-propos-de-nous\/","title":{"rendered":"\u00c0 propos de moi"},"content":{"rendered":"\n<div class=\"wp-block-uagb-container uagb-block-3ad17e27 alignfull uagb-is-root-container\"><div class=\"uagb-container__shape uagb-container__shape-bottom uagb-container__invert\" data-negative=\"false\"><svg xmlns=\"https:\/\/www.w3.org\/2000\/svg\" viewBox=\"0 0 1000 100\" preserveAspectRatio=\"none\"><path class=\"uagb-container__shape-fill\" opacity=\"0.33\" d=\"M473,67.3c-203.9,88.3-263.1-34-320.3,0C66,119.1,0,59.7,0,59.7V0h1000v59.7 c0,0-62.1,26.1-94.9,29.3c-32.8,3.3-62.8-12.3-75.8-22.1C806,49.6,745.3,8.7,694.9,4.7S492.4,59,473,67.3z\"><\/path><path class=\"uagb-container__shape-fill\" opacity=\"0.66\" d=\"M734,67.3c-45.5,0-77.2-23.2-129.1-39.1c-28.6-8.7-150.3-10.1-254,39.1 s-91.7-34.4-149.2,0C115.7,118.3,0,39.8,0,39.8V0h1000v36.5c0,0-28.2-18.5-92.1-18.5C810.2,18.1,775.7,67.3,734,67.3z\"><\/path><path class=\"uagb-container__shape-fill\" d=\"M766.1,28.9c-200-57.5-266,65.5-395.1,19.5C242,1.8,242,5.4,184.8,20.6C128,35.8,132.3,44.9,89.9,52.5C28.6,63.7,0,0,0,0 h1000c0,0-9.9,40.9-83.6,48.1S829.6,47,766.1,28.9z\"><\/path><\/svg><\/div><div class=\"uagb-container-inner-blocks-wrap\">\n<div class=\"wp-block-uagb-advanced-heading uagb-block-8a1eebc0\"><h1 class=\"uagb-heading-text\">\u00c0 propos de moi<\/h1><\/div>\n<\/div><\/div>\n\n<div class=\"wp-block-uagb-container uagb-block-f8ec2bd3 alignfull uagb-is-root-container\"><div class=\"uagb-container-inner-blocks-wrap\">\n<h2 class=\"wp-block-heading has-text-align-center has-ast-global-color-5-color has-text-color has-link-color wp-elements-ebae261b08f765818df13a850575ad70\">Du gestionnaire au coach de nature <br\/> <\/h2>\n\n\n\n<div class=\"wp-block-uagb-separator uagb-block-1f3a73a9\"><div class=\"uagb-separator-spacing-wrapper\"><div class=\"wp-block-uagb-separator__inner\" style=\"--my-background-image:\"><\/div><\/div><\/div>\n\n\n\n<div class=\"wp-block-uagb-image aligncenter uagb-block-2d710799 wp-block-uagb-image--layout-default wp-block-uagb-image--effect-static wp-block-uagb-image--align-center\"><figure class=\"wp-block-uagb-image__figure\"><img decoding=\"async\" srcset=\"https:\/\/www.walk-in-the-parc.com\/wp-content\/uploads\/2024\/08\/ueber-mich-artikelbild-ralph-steht-vor-einem-baum.jpg ,https:\/\/www.walk-in-the-parc.com\/wp-content\/uploads\/2024\/08\/ueber-mich-artikelbild-ralph-steht-vor-einem-baum.jpg 780w, https:\/\/www.walk-in-the-parc.com\/wp-content\/uploads\/2024\/08\/ueber-mich-artikelbild-ralph-steht-vor-einem-baum.jpg 360w\" sizes=\"auto, (max-width: 480px) 150px\" src=\"https:\/\/www.walk-in-the-parc.com\/wp-content\/uploads\/2024\/08\/ueber-mich-artikelbild-ralph-steht-vor-einem-baum.jpg\" alt=\"\" class=\"uag-image-3513\" width=\"528\" height=\"352\" title=\"\u00e0 propos de moi-image-article-ralph-est-devant-un-arbre\" loading=\"lazy\" role=\"img\"><\/figure><\/div>\n\n\n\n<div class=\"wp-block-uagb-container uagb-block-72514f6d\">\n<div class=\"wp-block-uagb-advanced-heading uagb-block-b317ae0b\"><h3 class=\"uagb-heading-text\">Ma destination<\/h3><p class=\"uagb-desc-text\">\u00ab\u00a0Animer les gens par la terre\u00a0\u00bb est le r\u00e9sultat de la question que je me suis pos\u00e9e : \u00ab\u00a0Pourquoi suis-je au monde ?\u00a0\u00bb C&rsquo;est-\u00e0-dire faire quelque chose de bien pour les gens, avec les gens pour le monde et ainsi rendre le monde un peu meilleur, chaque jour. <\/p><\/div>\n\n\n\n<div class=\"wp-block-group is-nowrap is-layout-flex wp-container-core-group-is-layout-6c531013 wp-block-group-is-layout-flex\">\n<div class=\"wp-block-uagb-advanced-heading uagb-block-3b00767d\"><h3 class=\"uagb-heading-text\">Mes valeurs<\/h3><p class=\"uagb-desc-text\">Foi, amour, esp\u00e9rance, justice, mod\u00e9ration, courage, sagesse. Au-del\u00e0 &#8211; compr\u00e9hension, libert\u00e9, responsabilit\u00e9, globalit\u00e9 et durabilit\u00e9. Transformer les connaissances en comp\u00e9tences &#8211; passer du discours \u00e0 l&rsquo;action.  <\/p><\/div>\n<\/div>\n<\/div>\n<\/div><\/div>\n\n<div class=\"wp-block-uagb-container uagb-block-61e8ac2a alignfull uagb-is-root-container\"><div class=\"uagb-container-inner-blocks-wrap\">\n<div class=\"wp-block-uagb-info-box uagb-block-54aaf525 uagb-infobox__content-wrap  uagb-infobox-icon-above-title uagb-infobox-image-valign-top wp-block-uagb-info-box--has-margin\"><div class=\"uagb-infobox-margin-wrapper\"><div class=\"uagb-ifb-content\"><div class=\"uagb-ifb-icon-wrap\"><svg xmlns=\"https:\/\/www.w3.org\/2000\/svg\" viewbox=\"0 0 512 512\"><path d=\"M0 256C0 114.6 114.6 0 256 0C397.4 0 512 114.6 512 256C512 397.4 397.4 512 256 512C114.6 512 0 397.4 0 256zM371.8 211.8C382.7 200.9 382.7 183.1 371.8 172.2C360.9 161.3 343.1 161.3 332.2 172.2L224 280.4L179.8 236.2C168.9 225.3 151.1 225.3 140.2 236.2C129.3 247.1 129.3 264.9 140.2 275.8L204.2 339.8C215.1 350.7 232.9 350.7 243.8 339.8L371.8 211.8z\"><\/path><\/svg><\/div><div class=\"uagb-ifb-title-wrap\"><h4 class=\"uagb-ifb-title\"><strong>Le coach de nature<\/strong><br\/><br\/>Formation :<br\/> <br\/>2024 responsable du cours pour la baignade de for\u00eat: Deutsche Akademie f\u00fcr Waldbaden, St. Martin<br\/>2023 Coach de nature: Andre` Lorino<br\/>2022 Coach de nature: Carsten Ganz<br\/>2021 Coach de nature syst\u00e9mique: Anke Kossak<br\/>2010 Caoch &amp; conseiller syst\u00e9mique: ISB Institut Wiesloch, Dr. Bernd Schmid<\/h4><\/div><\/div><\/div><\/div>\n\n\n\n<div class=\"wp-block-uagb-info-box uagb-block-e9c64417 uagb-infobox__content-wrap  uagb-infobox-icon-above-title uagb-infobox-image-valign-top\"><div class=\"uagb-ifb-content\"><div class=\"uagb-ifb-icon-wrap\"><svg xmlns=\"https:\/\/www.w3.org\/2000\/svg\" viewbox=\"0 0 512 512\"><path d=\"M0 256C0 114.6 114.6 0 256 0C397.4 0 512 114.6 512 256C512 397.4 397.4 512 256 512C114.6 512 0 397.4 0 256zM371.8 211.8C382.7 200.9 382.7 183.1 371.8 172.2C360.9 161.3 343.1 161.3 332.2 172.2L224 280.4L179.8 236.2C168.9 225.3 151.1 225.3 140.2 236.2C129.3 247.1 129.3 264.9 140.2 275.8L204.2 339.8C215.1 350.7 232.9 350.7 243.8 339.8L371.8 211.8z\"><\/path><\/svg><\/div><div class=\"uagb-ifb-title-wrap\"><h4 class=\"uagb-ifb-title\"><strong>Le gestionnaire<\/strong><br\/><br\/>N\u00e9 en : 1962<br\/>  <br\/>2017 Certifi\u00e9 Scrum Master, T\u00dcV S\u00fcd, Manfred Brandst\u00e4tter<br\/>2017 Design Thinking Master, Pauline Tonhauser<br\/>2017 Auditeur de processus VDA 6..3 T\u00dcV S\u00fcd, Dr. Zeller<br\/>2016 Ind\u00e9pendant &#8211; walk in the parc &#8211; International Consulting<br\/>2012 Ind\u00e9pendant \u00e0 temps partiel &#8211; walk in the parc &#8211; International Consulting<br\/>1987 &#8211; 2017 Daimler AG \/ Mercedes Banz AG -Employ\u00e9 de direction, plusieurs postes &#8211; au niveau national et international<br\/>1983 &#8211; 1987 \u00c9tudes de construction m\u00e9canique, technique de production, \u00e9cole sup\u00e9rieure sp\u00e9cialis\u00e9e de Kaiserslautern, dipl\u00f4me d&rsquo;ing\u00e9nieur (FH)   <\/h4><\/div><\/div><\/div>\n<\/div><\/div>\n\n<div class=\"wp-block-uagb-container uagb-block-050a6ff7 alignfull uagb-is-root-container\"><div class=\"uagb-container-inner-blocks-wrap\">\n<div style=\"height:100px\" aria-hidden=\"true\" class=\"wp-block-spacer\"><\/div>\n\n\n\n<h2 class=\"wp-block-heading has-text-align-center has-ast-global-color-5-color has-text-color has-link-color wp-elements-2d0df5431d0a6c9c4c9f9c61e0011686\">Opinions<\/h2>\n\n\n\n<div class=\"wp-block-uagb-separator uagb-block-5fd8e81f\"><div class=\"uagb-separator-spacing-wrapper\"><div class=\"wp-block-uagb-separator__inner\" style=\"--my-background-image:\"><\/div><\/div><\/div>\n\n\n\n<div class=\"wp-block-uagb-testimonial uagb-slick-carousel uagb-tm__arrow-outside uagb-block-899f32ef\"><div class=\"is-carousel uagb-tm__columns-1 uagb-tm__items\"><div class=\"uagb-testimonial__wrap  uagb-tm__imgicon-style-circle uagb-tm__image-position-bottom uagb-tm__bg-type-none \"><div class=\"uagb-tm__content\"><div class=\"uagb-tm__overlay\"><\/div><div class=\"uagb-tm__text-wrap\"><div class=\"uagb-tm__desc\"><strong>\u00ab\u00a0Exp\u00e9rience de gestion et de direction, comp\u00e9tence en mati\u00e8re de conseil syst\u00e9mique et absence de rel\u00e2chement dans la mise en \u0153uvre de th\u00e8mes et de projets de changement importants, voil\u00e0 qui d\u00e9crit en une phrase les principaux atouts et caract\u00e9ristiques de Ralph Lambright.<\/strong><br\/><br\/>A cela s&rsquo;ajoute une curiosit\u00e9 insatiable, associ\u00e9e \u00e0 une recherche permanente de personnes et d&rsquo;organisations qui consid\u00e8rent le sens comme le fondement essentiel de leurs actions\u00a0\u00bb.<\/div><div class=\"uagb-tm__meta-inner\"><div class=\"uagb-testimonial-details\"><span class=\"uagb-tm__author-name\"><strong>Ralf Schw\u00e4gler<\/strong><\/span><span class=\"uagb-tm__company\">D\u00e9veloppeur organisationnel, consultant syst\u00e9mique et coach, gestion du changement et d\u00e9veloppement strat\u00e9gique chez Daimler AG, usine de Sindelfingen<\/span><\/div><\/div><\/div><\/div><\/div><div class=\"uagb-testimonial__wrap  uagb-tm__imgicon-style-circle uagb-tm__image-position-bottom uagb-tm__bg-type-none \"><div class=\"uagb-tm__content\"><div class=\"uagb-tm__overlay\"><\/div><div class=\"uagb-tm__text-wrap\"><div class=\"uagb-tm__desc\"><strong>\u00ab\u00a0Ralph Lambright cr\u00e9e des lieux de rencontre pour les gens\u00a0\u00bb<\/strong><br\/><br\/>\u00ab\u00a0Ralph Lambright est pour moi une personnalit\u00e9 haute en couleur, avec une incroyable capacit\u00e9 \u00e0 se mettre en sc\u00e8ne et \u00e0 \u00e9clairer de nombreux angles avec sa personne. Il peut \u00eatre extr\u00eamement analytique, il peut entrer dans des th\u00e8mes \u00e9motionnels, biographiques et \u00e9ventuellement spirituels\u00a0\u00bb. <\/div><div class=\"uagb-tm__meta-inner\"><div class=\"uagb-testimonial-details\"><span class=\"uagb-tm__author-name\"><strong>Volker K\u00f6hninger <\/strong><\/span><span class=\"uagb-tm__company\">Consultant en gestion et directeur g\u00e9n\u00e9ral de K\u00f6hninger PME, une soci\u00e9t\u00e9 internationale de formation et de conseil, formateur \u00e0 l&rsquo;ISB Institut f\u00fcr systemische Beratung Dr. Bernd Schmid, \u00e0 Wiesloch<\/span><\/div><\/div><\/div><\/div><\/div><div class=\"uagb-testimonial__wrap  uagb-tm__imgicon-style-circle uagb-tm__image-position-bottom uagb-tm__bg-type-none \"><div class=\"uagb-tm__content\"><div class=\"uagb-tm__overlay\"><\/div><div class=\"uagb-tm__text-wrap\"><div class=\"uagb-tm__desc\"><strong>\u00ab\u00a0Sa personalit\u00e9 allie l&rsquo;orientation factuelle et le pragmatisme d&rsquo;un ing\u00e9nieur aux comp\u00e9tences d\u00b4envoi et de r\u00e9ception d\u00b4un gestionnaire exp\u00e9riment\u00e9.<br\/><\/strong><br\/> Ralph Lambright utilise ces diff\u00e9rentes perspectives pour le bien de ses clients, afin de rendre clairs leurs processus de changement les plus divers dans leur \u00e9volution, de les focaliser de mani\u00e8re bienveillante et d&rsquo;accompagner les objectifs choisis de mani\u00e8re fructueuse\u00a0\u00bb. <\/div><div class=\"uagb-tm__meta-inner\"><div class=\"uagb-testimonial-details\"><span class=\"uagb-tm__author-name\"><strong>Norbert Hildebrandt <\/strong><\/span><span class=\"uagb-tm__company\">Coach de cadres, juriste, expert en ressources humaines et auteur d&rsquo;ouvrages sp\u00e9cialis\u00e9s, est pr\u00e9sent sur le march\u00e9 depuis plus de 25 ans avec une entreprise de taille moyenne sp\u00e9cialis\u00e9e dans le d\u00e9veloppement des ressources humaines. Ses clients sont des entreprises, des administrations, des entreprises familiales et des ind\u00e9pendants. <\/span><\/div><\/div><\/div><\/div><\/div><\/div><\/div>\n\n\n\n<div style=\"height:100px\" aria-hidden=\"true\" class=\"wp-block-spacer\"><\/div>\n<\/div><\/div>\n\n<div style=\"height:100px\" aria-hidden=\"true\" class=\"wp-block-spacer\"><\/div>\n\n<div class=\"wp-block-uagb-container uagb-block-6be653e6 alignfull uagb-is-root-container\"><div class=\"uagb-container-inner-blocks-wrap\">\n<div class=\"wp-block-uagb-container uagb-block-6e1a59a8\">\n<div class=\"wp-block-uagb-info-box uagb-block-ea9c35da uagb-infobox__content-wrap  uagb-infobox-icon-above-title uagb-infobox-image-valign-top\"><div class=\"uagb-ifb-content\"><div class=\"uagb-ifb-icon-wrap\"><svg xmlns=\"https:\/\/www.w3.org\/2000\/svg\" viewbox=\"0 0 384 512\"><path d=\"M288 358.3c13.98-8.088 17.53-30.04 28.88-41.39c11.35-11.35 33.3-14.88 41.39-28.87c7.98-13.79 .1658-34.54 4.373-50.29C366.7 222.5 383.1 208.5 383.1 192c0-16.5-17.27-30.52-21.34-45.73c-4.207-15.75 3.612-36.5-4.365-50.29c-8.086-13.98-30.03-17.52-41.38-28.87c-11.35-11.35-14.89-33.3-28.87-41.39c-13.79-7.979-34.54-.1637-50.29-4.375C222.5 17.27 208.5 0 192 0C175.5 0 161.5 17.27 146.3 21.34C130.5 25.54 109.8 17.73 95.98 25.7C82 33.79 78.46 55.74 67.11 67.08C55.77 78.43 33.81 81.97 25.72 95.95C17.74 109.7 25.56 130.5 21.35 146.2C17.27 161.5 .0008 175.5 .0008 192c0 16.5 17.27 30.52 21.34 45.73c4.207 15.75-3.615 36.5 4.361 50.29C33.8 302 55.74 305.5 67.08 316.9c11.35 11.35 14.89 33.3 28.88 41.4c13.79 7.979 34.53 .1582 50.28 4.369C161.5 366.7 175.5 384 192 384c16.5 0 30.52-17.27 45.74-21.34C253.5 358.5 274.2 366.3 288 358.3zM112 192c0-44.27 35.81-80 80-80s80 35.73 80 80c0 44.17-35.81 80-80 80S112 236.2 112 192zM1.719 433.2c-3.25 8.188-1.781 17.48 3.875 24.25c5.656 6.75 14.53 9.898 23.12 8.148l45.19-9.035l21.43 42.27C99.46 507 107.6 512 116.7 512c.3438 0 .6641-.0117 1.008-.0273c9.5-.375 17.65-6.082 21.24-14.88l33.58-82.08c-53.71-4.639-102-28.12-138.2-63.95L1.719 433.2zM349.6 351.1c-36.15 35.83-84.45 59.31-138.2 63.95l33.58 82.08c3.594 8.797 11.74 14.5 21.24 14.88C266.6 511.1 266.1 512 267.3 512c9.094 0 17.23-4.973 21.35-13.14l21.43-42.28l45.19 9.035c8.594 1.75 17.47-1.398 23.12-8.148c5.656-6.766 7.125-16.06 3.875-24.25L349.6 351.1z\"><\/path><\/svg><\/div><div class=\"uagb-ifb-title-wrap\"><h3 class=\"uagb-ifb-title\"><a href=\"https:\/\/www.walk-in-the-parc.com\/wp-content\/uploads\/2024\/10\/walk-in-the-park-zertifikat-natur-coach-2022.pdf\" data-type=\"attachment\" data-id=\"5065\" target=\"_blank\" rel=\"noreferrer noopener\">Certificat <br\/>Formation de coach naturel<\/a><\/h3><\/div><\/div><\/div>\n<\/div>\n\n\n\n<div class=\"wp-block-uagb-container uagb-block-52d53270\">\n<div class=\"wp-block-uagb-info-box uagb-block-fbe17bc4 uagb-infobox__content-wrap  uagb-infobox-icon-above-title uagb-infobox-image-valign-top\"><div class=\"uagb-ifb-content\"><div class=\"uagb-ifb-icon-wrap\"><svg xmlns=\"https:\/\/www.w3.org\/2000\/svg\" viewbox=\"0 0 384 512\"><path d=\"M288 358.3c13.98-8.088 17.53-30.04 28.88-41.39c11.35-11.35 33.3-14.88 41.39-28.87c7.98-13.79 .1658-34.54 4.373-50.29C366.7 222.5 383.1 208.5 383.1 192c0-16.5-17.27-30.52-21.34-45.73c-4.207-15.75 3.612-36.5-4.365-50.29c-8.086-13.98-30.03-17.52-41.38-28.87c-11.35-11.35-14.89-33.3-28.87-41.39c-13.79-7.979-34.54-.1637-50.29-4.375C222.5 17.27 208.5 0 192 0C175.5 0 161.5 17.27 146.3 21.34C130.5 25.54 109.8 17.73 95.98 25.7C82 33.79 78.46 55.74 67.11 67.08C55.77 78.43 33.81 81.97 25.72 95.95C17.74 109.7 25.56 130.5 21.35 146.2C17.27 161.5 .0008 175.5 .0008 192c0 16.5 17.27 30.52 21.34 45.73c4.207 15.75-3.615 36.5 4.361 50.29C33.8 302 55.74 305.5 67.08 316.9c11.35 11.35 14.89 33.3 28.88 41.4c13.79 7.979 34.53 .1582 50.28 4.369C161.5 366.7 175.5 384 192 384c16.5 0 30.52-17.27 45.74-21.34C253.5 358.5 274.2 366.3 288 358.3zM112 192c0-44.27 35.81-80 80-80s80 35.73 80 80c0 44.17-35.81 80-80 80S112 236.2 112 192zM1.719 433.2c-3.25 8.188-1.781 17.48 3.875 24.25c5.656 6.75 14.53 9.898 23.12 8.148l45.19-9.035l21.43 42.27C99.46 507 107.6 512 116.7 512c.3438 0 .6641-.0117 1.008-.0273c9.5-.375 17.65-6.082 21.24-14.88l33.58-82.08c-53.71-4.639-102-28.12-138.2-63.95L1.719 433.2zM349.6 351.1c-36.15 35.83-84.45 59.31-138.2 63.95l33.58 82.08c3.594 8.797 11.74 14.5 21.24 14.88C266.6 511.1 266.1 512 267.3 512c9.094 0 17.23-4.973 21.35-13.14l21.43-42.28l45.19 9.035c8.594 1.75 17.47-1.398 23.12-8.148c5.656-6.766 7.125-16.06 3.875-24.25L349.6 351.1z\"><\/path><\/svg><\/div><div class=\"uagb-ifb-title-wrap\"><h3 class=\"uagb-ifb-title\"><a href=\"https:\/\/www.walk-in-the-parc.com\/wp-content\/uploads\/2024\/10\/walk-in-the-park-zertifikat-waldbaden-2024.pdf\" data-type=\"attachment\" data-id=\"5072\">Certificat d&rsquo;animateur de cours de Bain de for\u00eat <\/a><br\/><a href=\"https:\/\/www.walk-in-the-parc.com\/wp-content\/uploads\/2024\/10\/walk-in-the-park-zertifikat-waldbaden-2024.pdf\" data-type=\"attachment\" data-id=\"5072\" target=\"_blank\" rel=\"noreferrer noopener\">avec des enfants et des adolescents<\/a><\/h3><\/div><\/div><\/div>\n<\/div>\n<\/div><\/div>\n\n<div style=\"height:100px\" aria-hidden=\"true\" class=\"wp-block-spacer\"><\/div>\n","protected":false},"excerpt":{"rendered":"<p>\u00c0 propos de moi Du gestionnaire au coach de nature Ma destination \u00ab\u00a0Animer les gens par la terre\u00a0\u00bb est le r\u00e9sultat de la question que je me suis pos\u00e9e : \u00ab\u00a0Pourquoi suis-je au monde ?\u00a0\u00bb C&rsquo;est-\u00e0-dire faire quelque chose de bien pour les gens, avec les gens pour le monde et ainsi rendre le monde [&hellip;]<\/p>\n","protected":false},"author":2,"featured_media":0,"parent":0,"menu_order":0,"comment_status":"closed","ping_status":"closed","template":"","meta":{"_uag_custom_page_level_css":"","site-sidebar-layout":"no-sidebar","site-content-layout":"page-builder","ast-site-content-layout":"full-width-container","site-content-style":"unboxed","site-sidebar-style":"default","ast-global-header-display":"","ast-banner-title-visibility":"","ast-main-header-display":"","ast-hfb-above-header-display":"","ast-hfb-below-header-display":"","ast-hfb-mobile-header-display":"","site-post-title":"disabled","ast-breadcrumbs-content":"","ast-featured-img":"disabled","footer-sml-layout":"","theme-transparent-header-meta":"enabled","adv-header-id-meta":"","stick-header-meta":"","header-above-stick-meta":"","header-main-stick-meta":"","header-below-stick-meta":"","astra-migrate-meta-layouts":"default","ast-page-background-enabled":"default","ast-page-background-meta":{"desktop":{"background-color":"var(--ast-global-color-4)","background-image":"","background-repeat":"repeat","background-position":"center center","background-size":"auto","background-attachment":"scroll","background-type":"","background-media":"","overlay-type":"","overlay-color":"","overlay-opacity":"","overlay-gradient":""},"tablet":{"background-color":"","background-image":"","background-repeat":"repeat","background-position":"center center","background-size":"auto","background-attachment":"scroll","background-type":"","background-media":"","overlay-type":"","overlay-color":"","overlay-opacity":"","overlay-gradient":""},"mobile":{"background-color":"","background-image":"","background-repeat":"repeat","background-position":"center center","background-size":"auto","background-attachment":"scroll","background-type":"","background-media":"","overlay-type":"","overlay-color":"","overlay-opacity":"","overlay-gradient":""}},"ast-content-background-meta":{"desktop":{"background-color":"var(--ast-global-color-5)","background-image":"","background-repeat":"repeat","background-position":"center center","background-size":"auto","background-attachment":"scroll","background-type":"","background-media":"","overlay-type":"","overlay-color":"","overlay-opacity":"","overlay-gradient":""},"tablet":{"background-color":"var(--ast-global-color-5)","background-image":"","background-repeat":"repeat","background-position":"center center","background-size":"auto","background-attachment":"scroll","background-type":"","background-media":"","overlay-type":"","overlay-color":"","overlay-opacity":"","overlay-gradient":""},"mobile":{"background-color":"var(--ast-global-color-5)","background-image":"","background-repeat":"repeat","background-position":"center center","background-size":"auto","background-attachment":"scroll","background-type":"","background-media":"","overlay-type":"","overlay-color":"","overlay-opacity":"","overlay-gradient":""}},"footnotes":""},"class_list":["post-2384","page","type-page","status-publish","hentry"],"uagb_featured_image_src":{"full":false,"thumbnail":false,"medium":false,"medium_large":false,"large":false,"1536x1536":false,"2048x2048":false},"uagb_author_info":{"display_name":"W. Ralph Lambright","author_link":"https:\/\/www.walk-in-the-parc.com\/fr\/author\/ralph\/"},"uagb_comment_info":0,"uagb_excerpt":"\u00c0 propos de moi Du gestionnaire au coach de nature Ma destination \u00ab\u00a0Animer les gens par la terre\u00a0\u00bb est le r\u00e9sultat de la question que je me suis pos\u00e9e : \u00ab\u00a0Pourquoi suis-je au monde ?\u00a0\u00bb C&rsquo;est-\u00e0-dire faire quelque chose de bien pour les gens, avec les gens pour le monde et ainsi rendre le monde\u2026","_links":{"self":[{"href":"https:\/\/www.walk-in-the-parc.com\/fr\/wp-json\/wp\/v2\/pages\/2384","targetHints":{"allow":["GET"]}}],"collection":[{"href":"https:\/\/www.walk-in-the-parc.com\/fr\/wp-json\/wp\/v2\/pages"}],"about":[{"href":"https:\/\/www.walk-in-the-parc.com\/fr\/wp-json\/wp\/v2\/types\/page"}],"author":[{"embeddable":true,"href":"https:\/\/www.walk-in-the-parc.com\/fr\/wp-json\/wp\/v2\/users\/2"}],"replies":[{"embeddable":true,"href":"https:\/\/www.walk-in-the-parc.com\/fr\/wp-json\/wp\/v2\/comments?post=2384"}],"version-history":[{"count":8,"href":"https:\/\/www.walk-in-the-parc.com\/fr\/wp-json\/wp\/v2\/pages\/2384\/revisions"}],"predecessor-version":[{"id":5393,"href":"https:\/\/www.walk-in-the-parc.com\/fr\/wp-json\/wp\/v2\/pages\/2384\/revisions\/5393"}],"wp:attachment":[{"href":"https:\/\/www.walk-in-the-parc.com\/fr\/wp-json\/wp\/v2\/media?parent=2384"}],"curies":[{"name":"wp","href":"https:\/\/api.w.org\/{rel}","templated":true}]}}