{"id":2366,"date":"2024-06-29T10:30:55","date_gmt":"2024-06-29T08:30:55","guid":{"rendered":"https:\/\/www.walk-in-the-parc.com\/accueil\/"},"modified":"2024-10-16T16:56:28","modified_gmt":"2024-10-16T14:56:28","slug":"accueil","status":"publish","type":"page","link":"https:\/\/www.walk-in-the-parc.com\/fr\/","title":{"rendered":"Accueil"},"content":{"rendered":"\n<div class=\"wp-block-uagb-container uagb-block-494c42c4 alignfull uagb-is-root-container\"><div class=\"uagb-container__shape uagb-container__shape-bottom uagb-container__invert\" data-negative=\"false\"><svg xmlns=\"https:\/\/www.w3.org\/2000\/svg\" viewBox=\"0 0 1000 100\" preserveAspectRatio=\"none\"><path class=\"uagb-container__shape-fill\" opacity=\"0.33\" d=\"M473,67.3c-203.9,88.3-263.1-34-320.3,0C66,119.1,0,59.7,0,59.7V0h1000v59.7 c0,0-62.1,26.1-94.9,29.3c-32.8,3.3-62.8-12.3-75.8-22.1C806,49.6,745.3,8.7,694.9,4.7S492.4,59,473,67.3z\"><\/path><path class=\"uagb-container__shape-fill\" opacity=\"0.66\" d=\"M734,67.3c-45.5,0-77.2-23.2-129.1-39.1c-28.6-8.7-150.3-10.1-254,39.1 s-91.7-34.4-149.2,0C115.7,118.3,0,39.8,0,39.8V0h1000v36.5c0,0-28.2-18.5-92.1-18.5C810.2,18.1,775.7,67.3,734,67.3z\"><\/path><path class=\"uagb-container__shape-fill\" d=\"M766.1,28.9c-200-57.5-266,65.5-395.1,19.5C242,1.8,242,5.4,184.8,20.6C128,35.8,132.3,44.9,89.9,52.5C28.6,63.7,0,0,0,0 h1000c0,0-9.9,40.9-83.6,48.1S829.6,47,766.1,28.9z\"><\/path><\/svg><\/div><div class=\"uagb-container-inner-blocks-wrap\">\n<div class=\"wp-block-uagb-slider uagb-block-ed853d1a uagb-slider-container\"><div class=\"uagb-slides uagb-swiper\"><div class=\"swiper-wrapper\">\n<div class=\"wp-block-uagb-slider-child uagb-slider-child-wrap swiper-slide uagb-block-d884524d\"><div class=\"swiper-content\">      \n\t\t\t<div class=\"uagb-icon-wrapper uagb-block-afad1c3b      \"\n\t\t\tstyle=\"\" >\n\t\t\t\t\t\t\t\t\t<span class=\"uagb-svg-wrapper\" \n\t\t\t\t\t aria-label=\"circle-check\"\t\t\t\t\ttabindex=\"0\">\t\t\n\t\t\t\t\t\t\t\t\t\t<svg xmlns=\"https:\/\/www.w3.org\/2000\/svg\" viewBox= \"0 0 512 512\" role=\"graphics-symbol\" aria-hidden=\"false\" aria-label=\"\"><path d=\"M0 256C0 114.6 114.6 0 256 0C397.4 0 512 114.6 512 256C512 397.4 397.4 512 256 512C114.6 512 0 397.4 0 256zM371.8 211.8C382.7 200.9 382.7 183.1 371.8 172.2C360.9 161.3 343.1 161.3 332.2 172.2L224 280.4L179.8 236.2C168.9 225.3 151.1 225.3 140.2 236.2C129.3 247.1 129.3 264.9 140.2 275.8L204.2 339.8C215.1 350.7 232.9 350.7 243.8 339.8L371.8 211.8z\"><\/path><\/svg>\n\t\t\t\t\t\t\t\t\t<\/span>\n\t\t\t\t\t\t\t<\/div>\n\t\t\t\n\n\n<div class=\"wp-block-uagb-advanced-heading uagb-block-7c2079b2\"><h1 class=\"uagb-heading-text\">Retrouvez-vous dans la nature <br\/><\/h1><\/div>\n\n\n\n<div data-aos= \"zoom-in-right\" data-aos-duration=\"400\" data-aos-delay=\"0\" data-aos-easing=\"ease\" data-aos-once=\"true\" class=\"wp-block-uagb-container uagb-block-74125375\">\n<div class=\"wp-block-uagb-separator uagb-block-dd1f9e2e\"><div class=\"uagb-separator-spacing-wrapper\"><div class=\"wp-block-uagb-separator__inner\" style=\"--my-background-image:\"><\/div><\/div><\/div>\n\n\n\n<h2 class=\"wp-block-heading has-text-align-center has-ast-global-color-5-color has-text-color has-link-color has-large-font-size wp-elements-636da9eaa8f19edc74a8bed7d6895350\">et devenez un entrepreneur durable<\/h2>\n\n\n\n<p>ff<\/p>\n<\/div>\n<\/div><\/div>\n\n\n\n<div class=\"wp-block-uagb-slider-child uagb-slider-child-wrap swiper-slide uagb-block-d76e5f9f\"><div class=\"swiper-content\">\n<div class=\"wp-block-uagb-container uagb-block-dced05c6\">\n<blockquote class=\"wp-block-quote is-layout-flow wp-block-quote-is-layout-flow\">\n<figure class=\"wp-block-pullquote has-ast-global-color-4-color has-text-color has-link-color wp-elements-a151adf6e31c915fa99a992725073bca\"><blockquote><p>\u00ab\u00a0Vous trouverez plus dans les bois que dans les livres. Les arbres et les pierres t&rsquo;enseigneront des choses qu&rsquo;aucun homme ne peut te dire\u00a0\u00bb. (Bernard de Clairvaux)<\/p><\/blockquote><\/figure>\n<\/blockquote>\n<\/div>\n<\/div><\/div>\n<\/div><\/div><div class=\"swiper-pagination\"><\/div><div class=\"swiper-button-prev\"><\/div><div class=\"swiper-button-next\"><\/div><\/div>\n<\/div><\/div>\n\n<div class=\"wp-block-uagb-container uagb-block-5fcee4f8 alignfull uagb-is-root-container\"><div class=\"uagb-container-inner-blocks-wrap\">\n<h2 class=\"wp-block-heading has-text-align-center has-ast-global-color-5-color has-text-color has-link-color wp-elements-53ebf4b45bb919e9ae85642d36cc2107\">BIENVENUE<\/h2>\n\n\n\n<div class=\"wp-block-uagb-separator uagb-block-74e1d09c\"><div class=\"uagb-separator-spacing-wrapper\"><div class=\"wp-block-uagb-separator__inner\" style=\"--my-background-image:\"><\/div><\/div><\/div>\n\n\n\n<div class=\"wp-block-uagb-info-box uagb-block-f0a41d54 uagb-infobox__content-wrap  uagb-infobox-icon-above-title uagb-infobox-image-valign-top\"><div class=\"uagb-ifb-content\"><div class=\"uagb-ifb-title-wrap\"><h3 class=\"uagb-ifb-title\">Je suis tr\u00e8s heureux que vous m&rsquo;ayez trouv\u00e9 !<\/h3><\/div><p class=\"uagb-ifb-desc\">C\u00e9st bien que vous existez. <br\/> <br\/><br\/>Que vous soyez un particulier ou une entreprise, que ce soit \u00e0 titre personnel ou professionnel, je serai heureux de vous aider en tant qu\u00b4entra\u00eeneur dans tous ces domaines. Comme <strong><a href=\"https:\/\/www.walk-in-the-parc.com\/fr\/services\/coaching-daffaires\/\" data-type=\"page\" data-id=\"2571\">entra\u00eeneur<\/a><\/strong> j&rsquo;accompagne les entreprises dans l&rsquo;optimisation de leurs processus et j\u00b4entra\u00eene les cadres et les employ\u00e9(e)s dans leur coop\u00e9ration et leur comportement. En tant que <br\/><strong><a href=\"https:\/\/www.walk-in-the-parc.com\/fr\/services\/coaching-nature\/\" data-type=\"page\" data-id=\"2567\">coach nature<\/a><\/strong> et <strong><a href=\"https:\/\/www.walk-in-the-parc.com\/fr\/services\/bain-de-foret\/\" data-type=\"page\" data-id=\"2565\">chef de cours pour la baignade en for\u00eat<br\/><\/a><\/strong> je rapproche les gens de la nature et je les aide \u00e0 relever leurs d\u00e9fis et \u00e0 r\u00e9soudre leurs probl\u00e8mes dans la nature.  <br\/><br\/>J&rsquo;aime \u00e9galement combiner le coaching d&rsquo;entreprise et de nature, par exemple pour le d\u00e9veloppement d&rsquo;une \u00e9quipe ou de la personnalit\u00e9 des cadres individuels.<br\/><br\/><strong>Que puis-je faire pour VOUS ?<\/strong><\/p><\/div><\/div>\n<\/div><\/div>\n\n<div style=\"height:100px\" aria-hidden=\"true\" class=\"wp-block-spacer\"><\/div>\n\n<div class=\"wp-block-uagb-container uagb-block-91ca6fe3 alignfull uagb-is-root-container\"><div class=\"uagb-container-inner-blocks-wrap\">\n<div class=\"wp-block-media-text is-stacked-on-mobile has-ast-global-color-5-color has-ast-global-color-2-background-color has-text-color has-background has-link-color wp-elements-7daed81af36ed1e57d762ff4fcd43597\"><figure class=\"wp-block-media-text__media\"><img loading=\"lazy\" decoding=\"async\" width=\"800\" height=\"800\" src=\"https:\/\/www.walk-in-the-parc.com\/wp-content\/uploads\/2024\/09\/startseite-artikelbild-walk-in-the-parc-bank-steht-im-wald.jpg\" alt=\"\" class=\"wp-image-3987 size-full\" srcset=\"https:\/\/www.walk-in-the-parc.com\/wp-content\/uploads\/2024\/09\/startseite-artikelbild-walk-in-the-parc-bank-steht-im-wald.jpg 800w, https:\/\/www.walk-in-the-parc.com\/wp-content\/uploads\/2024\/09\/startseite-artikelbild-walk-in-the-parc-bank-steht-im-wald-300x300.jpg 300w, https:\/\/www.walk-in-the-parc.com\/wp-content\/uploads\/2024\/09\/startseite-artikelbild-walk-in-the-parc-bank-steht-im-wald-155x155.jpg 155w, https:\/\/www.walk-in-the-parc.com\/wp-content\/uploads\/2024\/09\/startseite-artikelbild-walk-in-the-parc-bank-steht-im-wald-768x768.jpg 768w\" sizes=\"auto, (max-width: 800px) 100vw, 800px\" \/><\/figure><div class=\"wp-block-media-text__content\">\n<h2 class=\"wp-block-heading has-ast-global-color-5-color has-text-color has-link-color wp-elements-7b2b331d49e97012cc2ff53bfb20a343\"><strong>walk-in-the-parc (marcher dans le parc)- qu&rsquo;est-ce que c&rsquo;est ?<\/strong><\/h2>\n\n\n\n<div class=\"wp-block-uagb-separator uagb-block-32754fcf\"><div class=\"uagb-separator-spacing-wrapper\"><div class=\"wp-block-uagb-separator__inner\" style=\"--my-background-image:\"><\/div><\/div><\/div>\n\n\n\n<p>walk-in-the-parc (marcher dans le parc) &#8211; c&rsquo;est notre vie. <br\/>Je consid\u00e8re toute la vie comme une \u00ab\u00a0promenade dans le parc\u00a0\u00bb (walk-in-the-parc). C&rsquo;est pourquoi j&rsquo;ai donn\u00e9 ce nom \u00e0 mon entreprise. Nous traversons notre vie en passant par de nombreuses \u00e9tapes qui sont comme des bancs de parc. Nous y passons un certain temps, par exemple \u00e0 la naissance, \u00e0 l&rsquo;enfance, \u00e0 l&rsquo;adolescence, \u00e0 l&rsquo;\u00e2ge adulte, \u00e0 la vieillesse et \u00e0 la mort. Il se passe tant de choses qui nous marquent et nous influencent, parfois de mani\u00e8re plus ou moins positive.<br\/>Cette promenade dans le parc provoque parfois des probl\u00e8mes et des d\u00e9fis dont la r\u00e9solution je serais heureux de trouver avec vous.<br\/>    <\/p>\n<\/div><\/div>\n<\/div><\/div>\n\n<div style=\"height:100px\" aria-hidden=\"true\" class=\"wp-block-spacer\"><\/div>\n\n<div class=\"wp-block-uagb-container uagb-block-86439a8d alignfull uagb-is-root-container\"><div class=\"uagb-container-inner-blocks-wrap\">\n<div class=\"wp-block-media-text has-media-on-the-right is-stacked-on-mobile has-ast-global-color-5-color has-ast-global-color-2-background-color has-text-color has-background has-link-color wp-elements-61bf9f2d3abad5feafb771c4d52e4007\"><div class=\"wp-block-media-text__content\">\n<h2 class=\"wp-block-heading has-ast-global-color-5-color has-text-color has-link-color wp-elements-5762fd61e6ddfe20ddd83443af1ba58a\"><strong>Pourquoi aimer la nature ?<\/strong><\/h2>\n\n\n\n<div class=\"wp-block-uagb-separator uagb-block-f0db19d7\"><div class=\"uagb-separator-spacing-wrapper\"><div class=\"wp-block-uagb-separator__inner\" style=\"--my-background-image:\"><\/div><\/div><\/div>\n\n\n\n<p>J&rsquo;ai appris \u00e0 trouver des r\u00e9ponses dans la nature &#8211; pour moi-m\u00eame et pour d\u00b4autres. J&rsquo;y ai compris des choses que je n&rsquo;aurais pas pu comprendre ailleurs. La nature m&rsquo;apporte calme et force, elle me recharge en \u00e9nergie positive. Elle m&rsquo;apporte \u00e9galement soutien et consolation lorsque je suis triste. Par-dessus tout, la nature me donne des impulsions pour \u00e9voluer dans la vie pour moi-m\u00eame et pour d\u00b4autres personnes. <br\/>     <br\/><br\/><strong>J&rsquo;ai reconnu que je suis heureux quand je vis de mani\u00e8re significative lorsque j\u00b4aide les autres &#8211; dans la limite de mes possibilit\u00e9s.. <\/strong><\/p>\n<\/div><figure class=\"wp-block-media-text__media\"><img loading=\"lazy\" decoding=\"async\" width=\"800\" height=\"800\" src=\"https:\/\/www.walk-in-the-parc.com\/wp-content\/uploads\/2024\/08\/startseite-artikelbild-ralph-mit-pfeil-und-bogen.jpg\" alt=\"\" class=\"wp-image-3664 size-full\" srcset=\"https:\/\/www.walk-in-the-parc.com\/wp-content\/uploads\/2024\/08\/startseite-artikelbild-ralph-mit-pfeil-und-bogen.jpg 800w, https:\/\/www.walk-in-the-parc.com\/wp-content\/uploads\/2024\/08\/startseite-artikelbild-ralph-mit-pfeil-und-bogen-300x300.jpg 300w, https:\/\/www.walk-in-the-parc.com\/wp-content\/uploads\/2024\/08\/startseite-artikelbild-ralph-mit-pfeil-und-bogen-155x155.jpg 155w, https:\/\/www.walk-in-the-parc.com\/wp-content\/uploads\/2024\/08\/startseite-artikelbild-ralph-mit-pfeil-und-bogen-768x768.jpg 768w\" sizes=\"auto, (max-width: 800px) 100vw, 800px\" \/><\/figure><\/div>\n<\/div><\/div>\n\n<div style=\"height:100px\" aria-hidden=\"true\" class=\"wp-block-spacer\"><\/div>\n\n<div class=\"wp-block-uagb-container uagb-block-aacc0989 alignfull uagb-is-root-container\"><div class=\"uagb-container-inner-blocks-wrap\">\n<div class=\"wp-block-media-text is-stacked-on-mobile has-ast-global-color-5-color has-ast-global-color-2-background-color has-text-color has-background has-link-color wp-elements-7b8ac24b57ef487b02397766069b7433\"><figure class=\"wp-block-media-text__media\"><img loading=\"lazy\" decoding=\"async\" width=\"800\" height=\"800\" src=\"https:\/\/www.walk-in-the-parc.com\/wp-content\/uploads\/2024\/09\/startseite-artikelbild-natur-und-wirkung-wald.jpg\" alt=\"\" class=\"wp-image-3993 size-full\" srcset=\"https:\/\/www.walk-in-the-parc.com\/wp-content\/uploads\/2024\/09\/startseite-artikelbild-natur-und-wirkung-wald.jpg 800w, https:\/\/www.walk-in-the-parc.com\/wp-content\/uploads\/2024\/09\/startseite-artikelbild-natur-und-wirkung-wald-300x300.jpg 300w, https:\/\/www.walk-in-the-parc.com\/wp-content\/uploads\/2024\/09\/startseite-artikelbild-natur-und-wirkung-wald-155x155.jpg 155w, https:\/\/www.walk-in-the-parc.com\/wp-content\/uploads\/2024\/09\/startseite-artikelbild-natur-und-wirkung-wald-768x768.jpg 768w\" sizes=\"auto, (max-width: 800px) 100vw, 800px\" \/><\/figure><div class=\"wp-block-media-text__content\">\n<h2 class=\"wp-block-heading has-ast-global-color-5-color has-text-color has-link-color wp-elements-c1a4de1e55a06a45ed37960131784f79\"><strong>La nature et ses effets<\/strong><\/h2>\n\n\n\n<div class=\"wp-block-uagb-separator uagb-block-1f2914ed\"><div class=\"uagb-separator-spacing-wrapper\"><div class=\"wp-block-uagb-separator__inner\" style=\"--my-background-image:\"><\/div><\/div><\/div>\n\n\n\n<p>Nous les \u00eatres-humains aimons bien aller dans la nature parce que nous nous y sentons bien et parce que nous nous y pouvons d\u00e9tendre. Il est prouv\u00e9 que se rendre en for\u00eat est b\u00e9n\u00e9fique pour la sant\u00e9.  La nature a un effet r\u00e9ducteur sur le stress, renforce les d\u00e9fenses et le syst\u00e8me immunitaire. Le sport et l&rsquo;activit\u00e9 physique dans la nature sont b\u00e9n\u00e9fiques pour la sant\u00e9 et la valeur r\u00e9cr\u00e9ative est encore renforc\u00e9e par des vacances dans la nature. La nature elle-m\u00eame rel\u00e8ve sans cesse de grands d\u00e9fis et probl\u00e8mes depuis de nombreux mill\u00e9naires.<br\/><br\/><strong>\u00ab\u00a0Nous aimons \u00eatre dans la nature parce qu&rsquo;elle n&rsquo;a pas d&rsquo;opinion sur nous\u00a0\u00bb. (Friedrich Nietzsche)<\/strong><\/p>\n<\/div><\/div>\n<\/div><\/div>\n\n<div style=\"height:100px\" aria-hidden=\"true\" class=\"wp-block-spacer\"><\/div>\n\n<div class=\"wp-block-uagb-container uagb-block-fb32e4bf alignfull uagb-is-root-container\"><div class=\"uagb-container-inner-blocks-wrap\">\n<div class=\"wp-block-uagb-image aligncenter uagb-block-052b1f4c wp-block-uagb-image--layout-default wp-block-uagb-image--effect-static wp-block-uagb-image--align-center\"><figure class=\"wp-block-uagb-image__figure\"><img decoding=\"async\" srcset=\"https:\/\/www.walk-in-the-parc.com\/wp-content\/uploads\/2021\/11\/quotes.svg ,https:\/\/www.walk-in-the-parc.com\/wp-content\/uploads\/2021\/11\/quotes.svg 780w, https:\/\/www.walk-in-the-parc.com\/wp-content\/uploads\/2021\/11\/quotes.svg 360w\" sizes=\"auto, (max-width: 480px) 150px\" src=\"https:\/\/www.walk-in-the-parc.com\/wp-content\/uploads\/2021\/11\/quotes.svg\" alt=\"\" class=\"uag-image-117\" width=\"37\" height=\"38\" title=\"quotes\" loading=\"lazy\" role=\"img\"><\/figure><\/div>\n\n\n\n<div class=\"wp-block-uagb-info-box uagb-block-54aaf525 uagb-infobox__content-wrap  uagb-infobox-icon-below-title uagb-infobox-image-valign-top\"><div class=\"uagb-ifb-content\"><div class=\"uagb-ifb-title-wrap\"><h4 class=\"uagb-ifb-title\">\u00ab\u00a0Un jour, la peur a frapp\u00e9 \u00e0 la porte. Le courage se leva et alla ouvrir, mais il n&rsquo;y avait personne dehors\u00a0\u00bb. (Goethe)<\/h4><\/div><div class=\"uagb-ifb-image-content\"><img decoding=\"async\" src=\"https:\/\/www.walk-in-the-parc.com\/wp-content\/uploads\/2024\/07\/448747936_1001-155x155.jpg\" alt=\"\" width=\"50\" height=\"50\" loading=\"lazy\"\/><\/div><p class=\"uagb-ifb-desc\">Ralph Lambright<\/p><\/div><\/div>\n<\/div><\/div>\n\n<div class=\"wp-block-uagb-container uagb-block-05a4a518 alignfull uagb-is-root-container\"><div class=\"uagb-container-inner-blocks-wrap\">\n<div class=\"wp-block-uagb-info-box uagb-block-9a97965e uagb-infobox__content-wrap  uagb-infobox-icon-above-title uagb-infobox-image-valign-top wp-block-uagb-info-box--has-margin\"><div class=\"uagb-infobox-margin-wrapper\"><div class=\"uagb-ifb-content\"><div class=\"uagb-ifb-title-wrap\"><h1 class=\"uagb-ifb-title\">QUESTIONS ?<\/h1><\/div><p class=\"uagb-ifb-desc\">Que ce soit pour faire connaissance lors d\u00b4une promenade en for\u00eat ou pour la baignade en for\u00eat r\u00e9cr\u00e9ative en groupe ou avec l\u00b4entra\u00eeneur de nature personnel, just pour vous: Si vous avez des questions, je serai heureux de vous les r\u00e9pondre.<br\/>Bien s\u00fbr \u00e9galement sur les voyages de r\u00e9cr\u00e9ation au Maroc ou dans le beau Palatinat.<\/p><div class=\"uagb-ifb-button-wrapper wp-block-button\"><a href=\"https:\/\/www.walk-in-the-parc.com\/fr\/contact\/\" class=\"uagb-infobox-cta-link wp-block-button__link\" target=\"_self\" rel=\"noopener noreferrer\" onclick=\"return true;\"><span class=\"uagb-inline-editing\">Contactez-nous maintenant<\/span><\/a><\/div><\/div><\/div><\/div>\n<\/div><\/div>\n","protected":false},"excerpt":{"rendered":"<p>BIENVENUE walk-in-the-parc (marcher dans le parc)- qu&rsquo;est-ce que c&rsquo;est ? walk-in-the-parc (marcher dans le parc) &#8211; c&rsquo;est notre vie. Je consid\u00e8re toute la vie comme une \u00ab\u00a0promenade dans le parc\u00a0\u00bb (walk-in-the-parc). C&rsquo;est pourquoi j&rsquo;ai donn\u00e9 ce nom \u00e0 mon entreprise. Nous traversons notre vie en passant par de nombreuses \u00e9tapes qui sont comme des bancs [&hellip;]<\/p>\n","protected":false},"author":2,"featured_media":3373,"parent":0,"menu_order":0,"comment_status":"closed","ping_status":"closed","template":"","meta":{"_uag_custom_page_level_css":"","site-sidebar-layout":"no-sidebar","site-content-layout":"page-builder","ast-site-content-layout":"full-width-container","site-content-style":"unboxed","site-sidebar-style":"unboxed","ast-global-header-display":"","ast-banner-title-visibility":"","ast-main-header-display":"","ast-hfb-above-header-display":"","ast-hfb-below-header-display":"","ast-hfb-mobile-header-display":"","site-post-title":"disabled","ast-breadcrumbs-content":"","ast-featured-img":"disabled","footer-sml-layout":"","theme-transparent-header-meta":"enabled","adv-header-id-meta":"","stick-header-meta":"","header-above-stick-meta":"","header-main-stick-meta":"","header-below-stick-meta":"","astra-migrate-meta-layouts":"set","ast-page-background-enabled":"default","ast-page-background-meta":{"desktop":{"background-color":"var(--ast-global-color-4)","background-image":"","background-repeat":"repeat","background-position":"center center","background-size":"auto","background-attachment":"scroll","background-type":"","background-media":"","overlay-type":"","overlay-color":"","overlay-opacity":"","overlay-gradient":""},"tablet":{"background-color":"","background-image":"","background-repeat":"repeat","background-position":"center center","background-size":"auto","background-attachment":"scroll","background-type":"","background-media":"","overlay-type":"","overlay-color":"","overlay-opacity":"","overlay-gradient":""},"mobile":{"background-color":"","background-image":"","background-repeat":"repeat","background-position":"center center","background-size":"auto","background-attachment":"scroll","background-type":"","background-media":"","overlay-type":"","overlay-color":"","overlay-opacity":"","overlay-gradient":""}},"ast-content-background-meta":{"desktop":{"background-color":"var(--ast-global-color-5)","background-image":"","background-repeat":"repeat","background-position":"center center","background-size":"auto","background-attachment":"scroll","background-type":"","background-media":"","overlay-type":"","overlay-color":"","overlay-opacity":"","overlay-gradient":""},"tablet":{"background-color":"var(--ast-global-color-5)","background-image":"","background-repeat":"repeat","background-position":"center center","background-size":"auto","background-attachment":"scroll","background-type":"","background-media":"","overlay-type":"","overlay-color":"","overlay-opacity":"","overlay-gradient":""},"mobile":{"background-color":"var(--ast-global-color-5)","background-image":"","background-repeat":"repeat","background-position":"center center","background-size":"auto","background-attachment":"scroll","background-type":"","background-media":"","overlay-type":"","overlay-color":"","overlay-opacity":"","overlay-gradient":""}},"footnotes":""},"class_list":["post-2366","page","type-page","status-publish","has-post-thumbnail","hentry"],"uagb_featured_image_src":{"full":["https:\/\/www.walk-in-the-parc.com\/wp-content\/uploads\/2024\/08\/startseite-titelbild-wald.jpg",1200,650,false],"thumbnail":["https:\/\/www.walk-in-the-parc.com\/wp-content\/uploads\/2024\/08\/startseite-titelbild-wald-155x155.jpg",155,155,true],"medium":["https:\/\/www.walk-in-the-parc.com\/wp-content\/uploads\/2024\/08\/startseite-titelbild-wald-300x163.jpg",300,163,true],"medium_large":["https:\/\/www.walk-in-the-parc.com\/wp-content\/uploads\/2024\/08\/startseite-titelbild-wald-768x416.jpg",768,416,true],"large":["https:\/\/www.walk-in-the-parc.com\/wp-content\/uploads\/2024\/08\/startseite-titelbild-wald-1024x555.jpg",1024,555,true],"1536x1536":["https:\/\/www.walk-in-the-parc.com\/wp-content\/uploads\/2024\/08\/startseite-titelbild-wald.jpg",1200,650,false],"2048x2048":["https:\/\/www.walk-in-the-parc.com\/wp-content\/uploads\/2024\/08\/startseite-titelbild-wald.jpg",1200,650,false]},"uagb_author_info":{"display_name":"W. Ralph Lambright","author_link":"https:\/\/www.walk-in-the-parc.com\/fr\/author\/ralph\/"},"uagb_comment_info":0,"uagb_excerpt":"BIENVENUE walk-in-the-parc (marcher dans le parc)- qu&rsquo;est-ce que c&rsquo;est ? walk-in-the-parc (marcher dans le parc) &#8211; c&rsquo;est notre vie. Je consid\u00e8re toute la vie comme une \u00ab\u00a0promenade dans le parc\u00a0\u00bb (walk-in-the-parc). C&rsquo;est pourquoi j&rsquo;ai donn\u00e9 ce nom \u00e0 mon entreprise. Nous traversons notre vie en passant par de nombreuses \u00e9tapes qui sont comme des bancs\u2026","_links":{"self":[{"href":"https:\/\/www.walk-in-the-parc.com\/fr\/wp-json\/wp\/v2\/pages\/2366","targetHints":{"allow":["GET"]}}],"collection":[{"href":"https:\/\/www.walk-in-the-parc.com\/fr\/wp-json\/wp\/v2\/pages"}],"about":[{"href":"https:\/\/www.walk-in-the-parc.com\/fr\/wp-json\/wp\/v2\/types\/page"}],"author":[{"embeddable":true,"href":"https:\/\/www.walk-in-the-parc.com\/fr\/wp-json\/wp\/v2\/users\/2"}],"replies":[{"embeddable":true,"href":"https:\/\/www.walk-in-the-parc.com\/fr\/wp-json\/wp\/v2\/comments?post=2366"}],"version-history":[{"count":27,"href":"https:\/\/www.walk-in-the-parc.com\/fr\/wp-json\/wp\/v2\/pages\/2366\/revisions"}],"predecessor-version":[{"id":5045,"href":"https:\/\/www.walk-in-the-parc.com\/fr\/wp-json\/wp\/v2\/pages\/2366\/revisions\/5045"}],"wp:featuredmedia":[{"embeddable":true,"href":"https:\/\/www.walk-in-the-parc.com\/fr\/wp-json\/wp\/v2\/media\/3373"}],"wp:attachment":[{"href":"https:\/\/www.walk-in-the-parc.com\/fr\/wp-json\/wp\/v2\/media?parent=2366"}],"curies":[{"name":"wp","href":"https:\/\/api.w.org\/{rel}","templated":true}]}}