{"id":2382,"date":"2024-06-29T10:30:55","date_gmt":"2024-06-29T08:30:55","guid":{"rendered":"https:\/\/www.walk-in-the-parc.com\/about-us\/"},"modified":"2024-09-23T10:11:12","modified_gmt":"2024-09-23T08:11:12","slug":"about-us","status":"publish","type":"page","link":"https:\/\/www.walk-in-the-parc.com\/en\/about-us\/","title":{"rendered":"About me"},"content":{"rendered":"\n<div class=\"wp-block-uagb-container uagb-block-3ad17e27 alignfull uagb-is-root-container\"><div class=\"uagb-container__shape uagb-container__shape-bottom uagb-container__invert\" data-negative=\"false\"><svg xmlns=\"https:\/\/www.w3.org\/2000\/svg\" viewBox=\"0 0 1000 100\" preserveAspectRatio=\"none\"><path class=\"uagb-container__shape-fill\" opacity=\"0.33\" d=\"M473,67.3c-203.9,88.3-263.1-34-320.3,0C66,119.1,0,59.7,0,59.7V0h1000v59.7 c0,0-62.1,26.1-94.9,29.3c-32.8,3.3-62.8-12.3-75.8-22.1C806,49.6,745.3,8.7,694.9,4.7S492.4,59,473,67.3z\"><\/path><path class=\"uagb-container__shape-fill\" opacity=\"0.66\" d=\"M734,67.3c-45.5,0-77.2-23.2-129.1-39.1c-28.6-8.7-150.3-10.1-254,39.1 s-91.7-34.4-149.2,0C115.7,118.3,0,39.8,0,39.8V0h1000v36.5c0,0-28.2-18.5-92.1-18.5C810.2,18.1,775.7,67.3,734,67.3z\"><\/path><path class=\"uagb-container__shape-fill\" d=\"M766.1,28.9c-200-57.5-266,65.5-395.1,19.5C242,1.8,242,5.4,184.8,20.6C128,35.8,132.3,44.9,89.9,52.5C28.6,63.7,0,0,0,0 h1000c0,0-9.9,40.9-83.6,48.1S829.6,47,766.1,28.9z\"><\/path><\/svg><\/div><div class=\"uagb-container-inner-blocks-wrap\">\n<div class=\"wp-block-uagb-advanced-heading uagb-block-8a1eebc0\"><h1 class=\"uagb-heading-text\">About me<\/h1><\/div>\n<\/div><\/div>\n\n<div class=\"wp-block-uagb-container uagb-block-f8ec2bd3 alignfull uagb-is-root-container\"><div class=\"uagb-container-inner-blocks-wrap\">\n<h2 class=\"wp-block-heading has-text-align-center has-ast-global-color-5-color has-text-color has-link-color wp-elements-35e901e7968f7f18180da35b57f99868\">From manager to nature coach  <\/h2>\n\n\n\n<div class=\"wp-block-uagb-separator uagb-block-1f3a73a9\"><div class=\"uagb-separator-spacing-wrapper\"><div class=\"wp-block-uagb-separator__inner\" style=\"--my-background-image:\"><\/div><\/div><\/div>\n\n\n\n<div class=\"wp-block-uagb-image aligncenter uagb-block-2d710799 wp-block-uagb-image--layout-default wp-block-uagb-image--effect-static wp-block-uagb-image--align-center\"><figure class=\"wp-block-uagb-image__figure\"><img decoding=\"async\" srcset=\"https:\/\/www.walk-in-the-parc.com\/wp-content\/uploads\/2024\/08\/ueber-mich-artikelbild-ralph-steht-vor-einem-baum.jpg ,https:\/\/www.walk-in-the-parc.com\/wp-content\/uploads\/2024\/08\/ueber-mich-artikelbild-ralph-steht-vor-einem-baum.jpg 780w, https:\/\/www.walk-in-the-parc.com\/wp-content\/uploads\/2024\/08\/ueber-mich-artikelbild-ralph-steht-vor-einem-baum.jpg 360w\" sizes=\"auto, (max-width: 480px) 150px\" src=\"https:\/\/www.walk-in-the-parc.com\/wp-content\/uploads\/2024\/08\/ueber-mich-artikelbild-ralph-steht-vor-einem-baum.jpg\" alt=\"\" class=\"uag-image-3513\" width=\"528\" height=\"352\" title=\"about-me-article-picture-ralph-stands-in front-of-a-tree\" loading=\"lazy\" role=\"img\"><\/figure><\/div>\n\n\n\n<div class=\"wp-block-uagb-container uagb-block-72514f6d\">\n<div class=\"wp-block-uagb-advanced-heading uagb-block-b317ae0b\"><h3 class=\"uagb-heading-text\">My purpose<\/h3><p class=\"uagb-desc-text\">&#8220;Grounding people&#8221; is the result of my question to myself: &#8220;Why am I in the world?&#8221;\nThat is, to do something good for people, with people for the world and thus make the world a little better, every day. <\/p><\/div>\n\n\n\n<div class=\"wp-block-group is-nowrap is-layout-flex wp-container-core-group-is-layout-6c531013 wp-block-group-is-layout-flex\">\n<div class=\"wp-block-uagb-advanced-heading uagb-block-3b00767d\"><h3 class=\"uagb-heading-text\">My values<\/h3><p class=\"uagb-desc-text\">Faith, love, hope, justice, moderation, courage, wisdom.\nBeyond that &#8211; understanding, freedom, a sense of responsibility, holism and sustainability.\nTurning knowledge into ability &#8211; moving from talk to action.  <\/p><\/div>\n<\/div>\n<\/div>\n<\/div><\/div>\n\n<div class=\"wp-block-uagb-container uagb-block-61e8ac2a alignfull uagb-is-root-container\"><div class=\"uagb-container-inner-blocks-wrap\">\n<div class=\"wp-block-uagb-info-box uagb-block-54aaf525 uagb-infobox__content-wrap  uagb-infobox-icon-above-title uagb-infobox-image-valign-top wp-block-uagb-info-box--has-margin\"><div class=\"uagb-infobox-margin-wrapper\"><div class=\"uagb-ifb-content\"><div class=\"uagb-ifb-icon-wrap\"><svg xmlns=\"https:\/\/www.w3.org\/2000\/svg\" viewbox=\"0 0 512 512\"><path d=\"M0 256C0 114.6 114.6 0 256 0C397.4 0 512 114.6 512 256C512 397.4 397.4 512 256 512C114.6 512 0 397.4 0 256zM371.8 211.8C382.7 200.9 382.7 183.1 371.8 172.2C360.9 161.3 343.1 161.3 332.2 172.2L224 280.4L179.8 236.2C168.9 225.3 151.1 225.3 140.2 236.2C129.3 247.1 129.3 264.9 140.2 275.8L204.2 339.8C215.1 350.7 232.9 350.7 243.8 339.8L371.8 211.8z\"><\/path><\/svg><\/div><div class=\"uagb-ifb-title-wrap\"><h4 class=\"uagb-ifb-title\"><strong>The Nature Coach<\/strong><br\/><br\/>Training:<br\/>  <br\/>2024 Forest Bathing Course Leader, German Academy for Forest Bathing, St. Martin<br\/>2023 Nature Coach, Andre` Lorino<br\/>2022 Nature Coach, Carsten Ganz<br\/>2021 Systemic Nature Coach, Anke Kossak<br\/>2010 Systemic Coach &amp; Consultant, ISB Institute Wiesloch, Dr. Bernd Schmid<\/h4><\/div><\/div><\/div><\/div>\n\n\n\n<div class=\"wp-block-uagb-info-box uagb-block-e9c64417 uagb-infobox__content-wrap  uagb-infobox-icon-above-title uagb-infobox-image-valign-top\"><div class=\"uagb-ifb-content\"><div class=\"uagb-ifb-icon-wrap\"><svg xmlns=\"https:\/\/www.w3.org\/2000\/svg\" viewbox=\"0 0 512 512\"><path d=\"M0 256C0 114.6 114.6 0 256 0C397.4 0 512 114.6 512 256C512 397.4 397.4 512 256 512C114.6 512 0 397.4 0 256zM371.8 211.8C382.7 200.9 382.7 183.1 371.8 172.2C360.9 161.3 343.1 161.3 332.2 172.2L224 280.4L179.8 236.2C168.9 225.3 151.1 225.3 140.2 236.2C129.3 247.1 129.3 264.9 140.2 275.8L204.2 339.8C215.1 350.7 232.9 350.7 243.8 339.8L371.8 211.8z\"><\/path><\/svg><\/div><div class=\"uagb-ifb-title-wrap\"><h4 class=\"uagb-ifb-title\"><strong>The manager<\/strong><br\/><br\/>Born: 1962<br\/>  <br\/>2017 Certified Scrum Master, T\u00dcV S\u00fcd, Manfred Brandst\u00e4tter<br\/>2017 Design Thinking Master, Pauline Tonhauser<br\/>2017 Process Auditor VDA 6..3\nT\u00dcV S\u00fcd, Dr. Zeller<br\/>2016 Freelancer &#8211; walk in the parc &#8211; International Consulting<br\/>2012 Part-time self-employment &#8211; walk in the parc &#8211; International Consulting<br\/>1987 &#8211; 2017 Daimler AG \/ Mercedes Banz AG &#8211; Senior employee, several positions &#8211; national and international<br\/>1983 &#8211; 1987 Studied mechanical engineering, production technology, University of Applied Sciences Kaiserslautern, Dipl.\nIng.\n(FH)   <\/h4><\/div><\/div><\/div>\n<\/div><\/div>\n\n<div class=\"wp-block-uagb-container uagb-block-050a6ff7 alignfull uagb-is-root-container\"><div class=\"uagb-container-inner-blocks-wrap\">\n<div style=\"height:100px\" aria-hidden=\"true\" class=\"wp-block-spacer\"><\/div>\n\n\n\n<h2 class=\"wp-block-heading has-text-align-center has-ast-global-color-5-color has-text-color has-link-color wp-elements-2d0df5431d0a6c9c4c9f9c61e0011686\">Opinions<\/h2>\n\n\n\n<div class=\"wp-block-uagb-separator uagb-block-5fd8e81f\"><div class=\"uagb-separator-spacing-wrapper\"><div class=\"wp-block-uagb-separator__inner\" style=\"--my-background-image:\"><\/div><\/div><\/div>\n\n\n\n<div class=\"wp-block-uagb-testimonial uagb-slick-carousel uagb-tm__arrow-outside uagb-block-899f32ef\"><div class=\"is-carousel uagb-tm__columns-1 uagb-tm__items\"><div class=\"uagb-testimonial__wrap  uagb-tm__imgicon-style-circle uagb-tm__image-position-bottom uagb-tm__bg-type-none \"><div class=\"uagb-tm__content\"><div class=\"uagb-tm__overlay\"><\/div><div class=\"uagb-tm__text-wrap\"><div class=\"uagb-tm__desc\"><strong>&#8220;Management and leadership experience, systemic consulting expertise and an unwavering commitment to implementing important topics and projects for change describe in one sentence the key strengths and characteristics of Ralph Lambright.<\/strong><br\/><br\/>In addition, there is an insatiable curiosity, combined with the constant search for people and organizations that understand meaningfulness as the essential basis of their actions&#8221;.<\/div><div class=\"uagb-tm__meta-inner\"><div class=\"uagb-testimonial-details\"><span class=\"uagb-tm__author-name\"><strong>Ralf Schw\u00e4gler<\/strong><\/span><span class=\"uagb-tm__company\">Organizational developer, systemic consultant and coach, change management and strategy development at Daimler AG, Sindelfingen plant<\/span><\/div><\/div><\/div><\/div><\/div><div class=\"uagb-testimonial__wrap  uagb-tm__imgicon-style-circle uagb-tm__image-position-bottom uagb-tm__bg-type-none \"><div class=\"uagb-tm__content\"><div class=\"uagb-tm__overlay\"><\/div><div class=\"uagb-tm__text-wrap\"><div class=\"uagb-tm__desc\"><strong>&#8220;Ralph Lambright creates meeting places for people&#8221;<\/strong><br\/><br\/>&#8220;Ralph Lambright is a dazzling personality for me, with an uncanny ability to stage himself in order to shine a light into many corners with his person.\nHe can be extremely analytical, can delve into emotional, biographical and possibly spiritual themes&#8221;. <\/div><div class=\"uagb-tm__meta-inner\"><div class=\"uagb-testimonial-details\"><span class=\"uagb-tm__author-name\"><strong>Volker K\u00f6hninger  <\/strong><\/span><span class=\"uagb-tm__company\">Management consultant and managing director of K\u00f6hninger PME, an international training and consulting company, teaching trainer at the ISB Institute for Systemic Consulting Dr. Bernd Schmid, in Wiesloch<\/span><\/div><\/div><\/div><\/div><\/div><div class=\"uagb-testimonial__wrap  uagb-tm__imgicon-style-circle uagb-tm__image-position-bottom uagb-tm__bg-type-none \"><div class=\"uagb-tm__content\"><div class=\"uagb-tm__overlay\"><\/div><div class=\"uagb-tm__text-wrap\"><div class=\"uagb-tm__desc\"><strong>&#8220;Ralph Lambright combines in his personality the factual orientation and pragmatism of an engineer with the transmitting and receiving ability of an experienced manager.<br\/><\/strong><br\/> Ralph Lambright uses the different perspectives for the benefit of his clients to make their various change processes clear in their transformation, to focus them in a benevolent way and to accompany the chosen goals in a fruitful way&#8221;.  <\/div><div class=\"uagb-tm__meta-inner\"><div class=\"uagb-testimonial-details\"><span class=\"uagb-tm__author-name\"><strong>Norbert Hildebrandt  <\/strong><\/span><span class=\"uagb-tm__company\">Management coach, fully qualified lawyer, system-safe personnel expert and author of specialist books, has been on the market for over 25 years with a medium-sized company specializing in personnel development.\nHis clients are corporations, public authorities, family businesses and the self-employed. <\/span><\/div><\/div><\/div><\/div><\/div><\/div><\/div>\n\n\n\n<div style=\"height:100px\" aria-hidden=\"true\" class=\"wp-block-spacer\"><\/div>\n<\/div><\/div>\n\n<p><\/p>\n","protected":false},"excerpt":{"rendered":"<p>About me From manager to nature coach My purpose &#8220;Grounding people&#8221; is the result of my question to myself: &#8220;Why am I in the world?&#8221; That is, to do something good for people, with people for the world and thus make the world a little better, every day. My values Faith, love, hope, justice, moderation, [&hellip;]<\/p>\n","protected":false},"author":2,"featured_media":0,"parent":0,"menu_order":0,"comment_status":"closed","ping_status":"closed","template":"","meta":{"_uag_custom_page_level_css":"","site-sidebar-layout":"no-sidebar","site-content-layout":"page-builder","ast-site-content-layout":"full-width-container","site-content-style":"unboxed","site-sidebar-style":"default","ast-global-header-display":"","ast-banner-title-visibility":"","ast-main-header-display":"","ast-hfb-above-header-display":"","ast-hfb-below-header-display":"","ast-hfb-mobile-header-display":"","site-post-title":"disabled","ast-breadcrumbs-content":"","ast-featured-img":"disabled","footer-sml-layout":"","theme-transparent-header-meta":"enabled","adv-header-id-meta":"","stick-header-meta":"","header-above-stick-meta":"","header-main-stick-meta":"","header-below-stick-meta":"","astra-migrate-meta-layouts":"default","ast-page-background-enabled":"default","ast-page-background-meta":{"desktop":{"background-color":"var(--ast-global-color-4)","background-image":"","background-repeat":"repeat","background-position":"center center","background-size":"auto","background-attachment":"scroll","background-type":"","background-media":"","overlay-type":"","overlay-color":"","overlay-opacity":"","overlay-gradient":""},"tablet":{"background-color":"","background-image":"","background-repeat":"repeat","background-position":"center center","background-size":"auto","background-attachment":"scroll","background-type":"","background-media":"","overlay-type":"","overlay-color":"","overlay-opacity":"","overlay-gradient":""},"mobile":{"background-color":"","background-image":"","background-repeat":"repeat","background-position":"center center","background-size":"auto","background-attachment":"scroll","background-type":"","background-media":"","overlay-type":"","overlay-color":"","overlay-opacity":"","overlay-gradient":""}},"ast-content-background-meta":{"desktop":{"background-color":"var(--ast-global-color-5)","background-image":"","background-repeat":"repeat","background-position":"center center","background-size":"auto","background-attachment":"scroll","background-type":"","background-media":"","overlay-type":"","overlay-color":"","overlay-opacity":"","overlay-gradient":""},"tablet":{"background-color":"var(--ast-global-color-5)","background-image":"","background-repeat":"repeat","background-position":"center center","background-size":"auto","background-attachment":"scroll","background-type":"","background-media":"","overlay-type":"","overlay-color":"","overlay-opacity":"","overlay-gradient":""},"mobile":{"background-color":"var(--ast-global-color-5)","background-image":"","background-repeat":"repeat","background-position":"center center","background-size":"auto","background-attachment":"scroll","background-type":"","background-media":"","overlay-type":"","overlay-color":"","overlay-opacity":"","overlay-gradient":""}},"footnotes":""},"class_list":["post-2382","page","type-page","status-publish","hentry"],"uagb_featured_image_src":{"full":false,"thumbnail":false,"medium":false,"medium_large":false,"large":false,"1536x1536":false,"2048x2048":false},"uagb_author_info":{"display_name":"W. Ralph Lambright","author_link":"https:\/\/www.walk-in-the-parc.com\/en\/author\/ralph\/"},"uagb_comment_info":0,"uagb_excerpt":"About me From manager to nature coach My purpose &#8220;Grounding people&#8221; is the result of my question to myself: &#8220;Why am I in the world?&#8221; That is, to do something good for people, with people for the world and thus make the world a little better, every day. My values Faith, love, hope, justice, moderation,&hellip;","_links":{"self":[{"href":"https:\/\/www.walk-in-the-parc.com\/en\/wp-json\/wp\/v2\/pages\/2382","targetHints":{"allow":["GET"]}}],"collection":[{"href":"https:\/\/www.walk-in-the-parc.com\/en\/wp-json\/wp\/v2\/pages"}],"about":[{"href":"https:\/\/www.walk-in-the-parc.com\/en\/wp-json\/wp\/v2\/types\/page"}],"author":[{"embeddable":true,"href":"https:\/\/www.walk-in-the-parc.com\/en\/wp-json\/wp\/v2\/users\/2"}],"replies":[{"embeddable":true,"href":"https:\/\/www.walk-in-the-parc.com\/en\/wp-json\/wp\/v2\/comments?post=2382"}],"version-history":[{"count":3,"href":"https:\/\/www.walk-in-the-parc.com\/en\/wp-json\/wp\/v2\/pages\/2382\/revisions"}],"predecessor-version":[{"id":4506,"href":"https:\/\/www.walk-in-the-parc.com\/en\/wp-json\/wp\/v2\/pages\/2382\/revisions\/4506"}],"wp:attachment":[{"href":"https:\/\/www.walk-in-the-parc.com\/en\/wp-json\/wp\/v2\/media?parent=2382"}],"curies":[{"name":"wp","href":"https:\/\/api.w.org\/{rel}","templated":true}]}}